{"id":903,"date":"2024-09-12T11:26:45","date_gmt":"2024-09-12T11:26:45","guid":{"rendered":"https:\/\/ibt-shop.com\/?post_type=product&#038;p=903"},"modified":"2026-03-15T00:11:07","modified_gmt":"2026-03-15T00:11:07","slug":"sac-a-bandouliere-poignee-graphique-sacs-de-shopping-en-cuir-pu","status":"publish","type":"product","link":"https:\/\/ibt-shop.com\/index.php\/product\/sac-a-bandouliere-poignee-graphique-sacs-de-shopping-en-cuir-pu\/","title":{"rendered":"Sac \u00e0 bandouli\u00e8re poign\u00e9e graphique, sacs de Shopping en cuir PU"},"content":{"rendered":"<p><img fetchpriority=\"high\" decoding=\"async\" class=\"alignnone wp-image-898\" src=\"https:\/\/ibt-shop.com\/wp-content\/uploads\/2024\/09\/photo_6_2024-09-12_12-12-00-300x300.jpg\" alt=\"\" width=\"413\" height=\"413\" srcset=\"https:\/\/ibt-shop.com\/wp-content\/uploads\/2024\/09\/photo_6_2024-09-12_12-12-00-300x300.jpg 300w, https:\/\/ibt-shop.com\/wp-content\/uploads\/2024\/09\/photo_6_2024-09-12_12-12-00-150x150.jpg 150w, https:\/\/ibt-shop.com\/wp-content\/uploads\/2024\/09\/photo_6_2024-09-12_12-12-00-768x768.jpg 768w, https:\/\/ibt-shop.com\/wp-content\/uploads\/2024\/09\/photo_6_2024-09-12_12-12-00-520x520.jpg 520w, https:\/\/ibt-shop.com\/wp-content\/uploads\/2024\/09\/photo_6_2024-09-12_12-12-00-90x90.jpg 90w, https:\/\/ibt-shop.com\/wp-content\/uploads\/2024\/09\/photo_6_2024-09-12_12-12-00-100x100.jpg 100w, https:\/\/ibt-shop.com\/wp-content\/uploads\/2024\/09\/photo_6_2024-09-12_12-12-00-630x630.jpg 630w, https:\/\/ibt-shop.com\/wp-content\/uploads\/2024\/09\/photo_6_2024-09-12_12-12-00-690x690.jpg 690w, https:\/\/ibt-shop.com\/wp-content\/uploads\/2024\/09\/photo_6_2024-09-12_12-12-00-160x160.jpg 160w, https:\/\/ibt-shop.com\/wp-content\/uploads\/2024\/09\/photo_6_2024-09-12_12-12-00.jpg 800w\" sizes=\"(max-width: 413px) 100vw, 413px\" \/><\/p>\n<p>&nbsp;<\/p>\n<p>&nbsp;<\/p>\n<p><img decoding=\"async\" class=\"alignnone wp-image-886\" src=\"https:\/\/ibt-shop.com\/wp-content\/uploads\/2024\/09\/photo_3_2024-09-12_12-07-34-298x300.jpg\" alt=\"\" width=\"416\" height=\"419\" srcset=\"https:\/\/ibt-shop.com\/wp-content\/uploads\/2024\/09\/photo_3_2024-09-12_12-07-34-298x300.jpg 298w, https:\/\/ibt-shop.com\/wp-content\/uploads\/2024\/09\/photo_3_2024-09-12_12-07-34-150x150.jpg 150w, https:\/\/ibt-shop.com\/wp-content\/uploads\/2024\/09\/photo_3_2024-09-12_12-07-34-90x90.jpg 90w, https:\/\/ibt-shop.com\/wp-content\/uploads\/2024\/09\/photo_3_2024-09-12_12-07-34-100x100.jpg 100w, https:\/\/ibt-shop.com\/wp-content\/uploads\/2024\/09\/photo_3_2024-09-12_12-07-34-690x696.jpg 690w, https:\/\/ibt-shop.com\/wp-content\/uploads\/2024\/09\/photo_3_2024-09-12_12-07-34-160x160.jpg 160w, https:\/\/ibt-shop.com\/wp-content\/uploads\/2024\/09\/photo_3_2024-09-12_12-07-34.jpg 750w\" sizes=\"(max-width: 416px) 100vw, 416px\" \/><\/p>\n<p><img decoding=\"async\" class=\"wp-image-897 alignleft\" src=\"https:\/\/ibt-shop.com\/wp-content\/uploads\/2024\/09\/photo_5_2024-09-12_12-12-00-70x300.jpg\" alt=\"\" width=\"377\" height=\"1616\" srcset=\"https:\/\/ibt-shop.com\/wp-content\/uploads\/2024\/09\/photo_5_2024-09-12_12-12-00-70x300.jpg 70w, https:\/\/ibt-shop.com\/wp-content\/uploads\/2024\/09\/photo_5_2024-09-12_12-12-00-239x1024.jpg 239w\" sizes=\"(max-width: 377px) 100vw, 377px\" \/><\/p>\n<div style=\"width: 720px;\" class=\"wp-video\"><!--[if lt IE 9]><script>document.createElement('video');<\/script><![endif]-->\n<video class=\"wp-video-shortcode\" id=\"video-903-1\" width=\"720\" height=\"720\" preload=\"metadata\" controls=\"controls\"><source type=\"video\/mp4\" src=\"https:\/\/ibt-shop.com\/wp-content\/uploads\/2024\/09\/video_2024-09-12_12-12-00.mp4?_=1\" \/><a href=\"https:\/\/ibt-shop.com\/wp-content\/uploads\/2024\/09\/video_2024-09-12_12-12-00.mp4\">https:\/\/ibt-shop.com\/wp-content\/uploads\/2024\/09\/video_2024-09-12_12-12-00.mp4<\/a><\/video><\/div>\n<p>&nbsp;<\/p>\n<p>&nbsp;<\/p>\n<p>&nbsp;<\/p>\n<p>&nbsp;<\/p>\n<p>&nbsp;<\/p>\n","protected":false},"excerpt":{"rendered":"<p>&nbsp; &nbsp; &nbsp; &nbsp; &nbsp; &nbsp; &nbsp;<\/p>\n","protected":false},"featured_media":889,"comment_status":"open","ping_status":"closed","template":"","meta":[],"product_brand":[],"product_cat":[25,31],"product_tag":[],"class_list":{"0":"post-903","1":"product","2":"type-product","3":"status-publish","4":"has-post-thumbnail","6":"product_cat-25","7":"product_cat-31","9":"first","10":"instock","11":"sale","12":"shipping-taxable","13":"purchasable","14":"product-type-simple"},"_links":{"self":[{"href":"https:\/\/ibt-shop.com\/index.php\/wp-json\/wp\/v2\/product\/903","targetHints":{"allow":["GET"]}}],"collection":[{"href":"https:\/\/ibt-shop.com\/index.php\/wp-json\/wp\/v2\/product"}],"about":[{"href":"https:\/\/ibt-shop.com\/index.php\/wp-json\/wp\/v2\/types\/product"}],"replies":[{"embeddable":true,"href":"https:\/\/ibt-shop.com\/index.php\/wp-json\/wp\/v2\/comments?post=903"}],"wp:featuredmedia":[{"embeddable":true,"href":"https:\/\/ibt-shop.com\/index.php\/wp-json\/wp\/v2\/media\/889"}],"wp:attachment":[{"href":"https:\/\/ibt-shop.com\/index.php\/wp-json\/wp\/v2\/media?parent=903"}],"wp:term":[{"taxonomy":"product_brand","embeddable":true,"href":"https:\/\/ibt-shop.com\/index.php\/wp-json\/wp\/v2\/product_brand?post=903"},{"taxonomy":"product_cat","embeddable":true,"href":"https:\/\/ibt-shop.com\/index.php\/wp-json\/wp\/v2\/product_cat?post=903"},{"taxonomy":"product_tag","embeddable":true,"href":"https:\/\/ibt-shop.com\/index.php\/wp-json\/wp\/v2\/product_tag?post=903"}],"curies":[{"name":"wp","href":"https:\/\/api.w.org\/{rel}","templated":true}]}}