{"id":884,"date":"2024-09-12T11:18:02","date_gmt":"2024-09-12T11:18:02","guid":{"rendered":"https:\/\/ibt-shop.com\/?post_type=product&#038;p=884"},"modified":"2024-09-28T09:21:13","modified_gmt":"2024-09-28T09:21:13","slug":"sacs-a-main-zebra-noir-et-blanc-imprime-animal-fourre-sac-a-bandouliere-poignee-graphique-sacs-de-shopping-en-cuir-pu","status":"publish","type":"product","link":"https:\/\/ibt-shop.com\/index.php\/product\/sacs-a-main-zebra-noir-et-blanc-imprime-animal-fourre-sac-a-bandouliere-poignee-graphique-sacs-de-shopping-en-cuir-pu\/","title":{"rendered":"Sacs \u00e0 main z\u00e9bra noir et blanc imprim\u00e9 Animal, fourre,  sac \u00e0 bandouli\u00e8re poign\u00e9e graphique, sacs de Shopping en cuir PU"},"content":{"rendered":"<p><strong>Sacs \u00e0 main z\u00e8bre noir et blanc imprim\u00e9 Animal, fourre Streetwear, sac \u00e0 bandouli\u00e8re poign\u00e9e graphique, sacs de Shopping en cuir PU<\/strong><\/p>\n<p>TRES BONNE QUALITE<\/p>\n<p><img fetchpriority=\"high\" decoding=\"async\" class=\"alignnone wp-image-893\" src=\"https:\/\/ibt-shop.com\/wp-content\/uploads\/2024\/09\/photo_1_2024-09-12_12-07-34-300x300.jpg\" alt=\"\" width=\"467\" height=\"467\" srcset=\"https:\/\/ibt-shop.com\/wp-content\/uploads\/2024\/09\/photo_1_2024-09-12_12-07-34-300x300.jpg 300w, https:\/\/ibt-shop.com\/wp-content\/uploads\/2024\/09\/photo_1_2024-09-12_12-07-34-150x150.jpg 150w, https:\/\/ibt-shop.com\/wp-content\/uploads\/2024\/09\/photo_1_2024-09-12_12-07-34-520x520.jpg 520w, https:\/\/ibt-shop.com\/wp-content\/uploads\/2024\/09\/photo_1_2024-09-12_12-07-34-90x90.jpg 90w, https:\/\/ibt-shop.com\/wp-content\/uploads\/2024\/09\/photo_1_2024-09-12_12-07-34-100x100.jpg 100w, https:\/\/ibt-shop.com\/wp-content\/uploads\/2024\/09\/photo_1_2024-09-12_12-07-34-630x630.jpg 630w, https:\/\/ibt-shop.com\/wp-content\/uploads\/2024\/09\/photo_1_2024-09-12_12-07-34-690x690.jpg 690w, https:\/\/ibt-shop.com\/wp-content\/uploads\/2024\/09\/photo_1_2024-09-12_12-07-34-160x160.jpg 160w, https:\/\/ibt-shop.com\/wp-content\/uploads\/2024\/09\/photo_1_2024-09-12_12-07-34.jpg 750w\" sizes=\"(max-width: 467px) 100vw, 467px\" \/><\/p>\n<p><img decoding=\"async\" class=\"alignnone wp-image-888\" src=\"https:\/\/ibt-shop.com\/wp-content\/uploads\/2024\/09\/photo_5_2024-09-12_12-07-34-300x300.jpg\" alt=\"\" width=\"460\" height=\"460\" srcset=\"https:\/\/ibt-shop.com\/wp-content\/uploads\/2024\/09\/photo_5_2024-09-12_12-07-34-300x300.jpg 300w, https:\/\/ibt-shop.com\/wp-content\/uploads\/2024\/09\/photo_5_2024-09-12_12-07-34-150x150.jpg 150w, https:\/\/ibt-shop.com\/wp-content\/uploads\/2024\/09\/photo_5_2024-09-12_12-07-34-520x520.jpg 520w, https:\/\/ibt-shop.com\/wp-content\/uploads\/2024\/09\/photo_5_2024-09-12_12-07-34-90x90.jpg 90w, https:\/\/ibt-shop.com\/wp-content\/uploads\/2024\/09\/photo_5_2024-09-12_12-07-34-100x100.jpg 100w, https:\/\/ibt-shop.com\/wp-content\/uploads\/2024\/09\/photo_5_2024-09-12_12-07-34-160x160.jpg 160w, https:\/\/ibt-shop.com\/wp-content\/uploads\/2024\/09\/photo_5_2024-09-12_12-07-34.jpg 600w\" sizes=\"(max-width: 460px) 100vw, 460px\" \/><\/p>\n<div style=\"width: 720px;\" class=\"wp-video\"><!--[if lt IE 9]><script>document.createElement('video');<\/script><![endif]-->\n<video class=\"wp-video-shortcode\" id=\"video-884-1\" width=\"720\" height=\"720\" preload=\"metadata\" controls=\"controls\"><source type=\"video\/mp4\" src=\"https:\/\/ibt-shop.com\/wp-content\/uploads\/2024\/09\/video_2024-09-12_12-12-00.mp4?_=1\" \/><a href=\"https:\/\/ibt-shop.com\/wp-content\/uploads\/2024\/09\/video_2024-09-12_12-12-00.mp4\">https:\/\/ibt-shop.com\/wp-content\/uploads\/2024\/09\/video_2024-09-12_12-12-00.mp4<\/a><\/video><\/div>\n","protected":false},"excerpt":{"rendered":"<p>Sacs \u00e0 main z\u00e8bre noir et blanc imprim\u00e9 Animal, fourre Streetwear, sac \u00e0 bandouli\u00e8re poign\u00e9e graphique, sacs de Shopping en cuir PU TRES BONNE QUALITE<\/p>\n","protected":false},"featured_media":887,"comment_status":"open","ping_status":"closed","template":"","meta":[],"product_brand":[],"product_cat":[25],"product_tag":[],"class_list":{"0":"post-884","1":"product","2":"type-product","3":"status-publish","4":"has-post-thumbnail","6":"product_cat-25","8":"first","9":"instock","10":"sale","11":"shipping-taxable","12":"purchasable","13":"product-type-simple"},"_links":{"self":[{"href":"https:\/\/ibt-shop.com\/index.php\/wp-json\/wp\/v2\/product\/884","targetHints":{"allow":["GET"]}}],"collection":[{"href":"https:\/\/ibt-shop.com\/index.php\/wp-json\/wp\/v2\/product"}],"about":[{"href":"https:\/\/ibt-shop.com\/index.php\/wp-json\/wp\/v2\/types\/product"}],"replies":[{"embeddable":true,"href":"https:\/\/ibt-shop.com\/index.php\/wp-json\/wp\/v2\/comments?post=884"}],"wp:featuredmedia":[{"embeddable":true,"href":"https:\/\/ibt-shop.com\/index.php\/wp-json\/wp\/v2\/media\/887"}],"wp:attachment":[{"href":"https:\/\/ibt-shop.com\/index.php\/wp-json\/wp\/v2\/media?parent=884"}],"wp:term":[{"taxonomy":"product_brand","embeddable":true,"href":"https:\/\/ibt-shop.com\/index.php\/wp-json\/wp\/v2\/product_brand?post=884"},{"taxonomy":"product_cat","embeddable":true,"href":"https:\/\/ibt-shop.com\/index.php\/wp-json\/wp\/v2\/product_cat?post=884"},{"taxonomy":"product_tag","embeddable":true,"href":"https:\/\/ibt-shop.com\/index.php\/wp-json\/wp\/v2\/product_tag?post=884"}],"curies":[{"name":"wp","href":"https:\/\/api.w.org\/{rel}","templated":true}]}}