{"id":4469,"date":"2026-02-15T14:09:22","date_gmt":"2026-02-15T14:09:22","guid":{"rendered":"https:\/\/ibt-shop.com\/?post_type=product&#038;p=4469"},"modified":"2026-02-16T00:21:34","modified_gmt":"2026-02-16T00:21:34","slug":"cafetiere-italienne-moka-a-tube-en-alliage-daluminium-50m","status":"publish","type":"product","link":"https:\/\/ibt-shop.com\/index.php\/product\/cafetiere-italienne-moka-a-tube-en-alliage-daluminium-50m\/","title":{"rendered":"Cafeti\u00e8re Italienne Moka \u00e0 Tube en Alliage d\u2019Aluminium 50ml \u2013 \u0645\u0627\u0643\u064a\u0646\u0629 \u0635\u0646\u0639 \u0642\u0647\u0648\u0629 \u0627\u0644\u0645\u0648\u0643\u0627 \u0627\u0644\u0625\u064a\u0637\u0627\u0644\u064a\u0629 \u0628\u0623\u0646\u0628\u0648\u0628 \u0645\u0646 \u0633\u0628\u0627\u0626\u0643 \u0627\u0644\u0623\u0644\u0648\u0645\u0646\u064a\u0648\u0645\u200e"},"content":{"rendered":"<p>Caract\u00e9ristique:<\/p>\n<div dir=\"auto\"><\/div>\n<div dir=\"auto\">1.FONCTIONNE RAPIDEMENT: La cafeti\u00e8re Moka pr\u00e9pare un d\u00e9licieux caf\u00e9 en seulement 90 secondes et convient \u00e0 tous sauf \u00e0 l\u2019induction.<\/div>\n<div dir=\"auto\">2.ALLIAGE D\u2019ALUMINIUM: Le pot Moka est fabriqu\u00e9 en alliage d\u2019aluminium, qui est s\u00fbr \u00e0 utiliser et ne rouille pas facilement pendant longtemps.<\/div>\n<div dir=\"auto\">3.L\u00c9GER ET PORTABLE: La cafeti\u00e8re de cuisini\u00e8re est l\u00e9g\u00e8re et portable, peu encombrante et portable, tr\u00e8s facile \u00e0 utiliser pour les f\u00eates de camping en plein air.<\/div>\n<div dir=\"auto\">4.FACILE \u00c0 UTILISER: L\u2019eau et le caf\u00e9 sont vers\u00e9s, plac\u00e9s sur le dessus de la cuisini\u00e8re, et le caf\u00e9 coule directement dans la tasse.<\/div>\n<div dir=\"auto\">5.GRAND CADEAU: Ce pot moka est un merveilleux cadeau pour vos amis qui aiment le caf\u00e9, qui seront heureux de recevoir un cadeau aussi pratique<\/div>\n<div dir=\"auto\"><\/div>\n","protected":false},"excerpt":{"rendered":"<p>Caract\u00e9ristique: 1.FONCTIONNE RAPIDEMENT: La cafeti\u00e8re Moka pr\u00e9pare un d\u00e9licieux caf\u00e9 en seulement 90 secondes et convient \u00e0 tous sauf \u00e0 l\u2019induction. 2.ALLIAGE D\u2019ALUMINIUM: Le pot Moka est fabriqu\u00e9 en alliage d\u2019aluminium, qui est s\u00fbr \u00e0 utiliser et ne rouille pas facilement pendant longtemps. 3.L\u00c9GER ET PORTABLE: La cafeti\u00e8re de cuisini\u00e8re est l\u00e9g\u00e8re et portable, peu [&hellip;]<\/p>\n","protected":false},"featured_media":4477,"comment_status":"open","ping_status":"closed","template":"","meta":[],"product_brand":[],"product_cat":[25],"product_tag":[],"class_list":{"0":"post-4469","1":"product","2":"type-product","3":"status-publish","4":"has-post-thumbnail","6":"product_cat-25","8":"first","9":"instock","10":"sale","11":"shipping-taxable","12":"purchasable","13":"product-type-simple"},"_links":{"self":[{"href":"https:\/\/ibt-shop.com\/index.php\/wp-json\/wp\/v2\/product\/4469","targetHints":{"allow":["GET"]}}],"collection":[{"href":"https:\/\/ibt-shop.com\/index.php\/wp-json\/wp\/v2\/product"}],"about":[{"href":"https:\/\/ibt-shop.com\/index.php\/wp-json\/wp\/v2\/types\/product"}],"replies":[{"embeddable":true,"href":"https:\/\/ibt-shop.com\/index.php\/wp-json\/wp\/v2\/comments?post=4469"}],"wp:featuredmedia":[{"embeddable":true,"href":"https:\/\/ibt-shop.com\/index.php\/wp-json\/wp\/v2\/media\/4477"}],"wp:attachment":[{"href":"https:\/\/ibt-shop.com\/index.php\/wp-json\/wp\/v2\/media?parent=4469"}],"wp:term":[{"taxonomy":"product_brand","embeddable":true,"href":"https:\/\/ibt-shop.com\/index.php\/wp-json\/wp\/v2\/product_brand?post=4469"},{"taxonomy":"product_cat","embeddable":true,"href":"https:\/\/ibt-shop.com\/index.php\/wp-json\/wp\/v2\/product_cat?post=4469"},{"taxonomy":"product_tag","embeddable":true,"href":"https:\/\/ibt-shop.com\/index.php\/wp-json\/wp\/v2\/product_tag?post=4469"}],"curies":[{"name":"wp","href":"https:\/\/api.w.org\/{rel}","templated":true}]}}