{"id":397,"date":"2024-08-06T12:50:22","date_gmt":"2024-08-06T12:50:22","guid":{"rendered":"https:\/\/ibt-shop.com\/?post_type=product&#038;p=397"},"modified":"2025-06-28T11:52:38","modified_gmt":"2025-06-28T11:52:38","slug":"sac-a-dos-enfant-orthopediques-pour-ecole-primaire-avec-de-jolis-pendentifs","status":"publish","type":"product","link":"https:\/\/ibt-shop.com\/index.php\/product\/sac-a-dos-enfant-orthopediques-pour-ecole-primaire-avec-de-jolis-pendentifs\/","title":{"rendered":"\u00a0Sac \u00e0 Dos Enfant orthop\u00e9diques pour \u00c9cole primaire Avec de jolis Pendentifs"},"content":{"rendered":"<ul class=\"a-unordered-list a-vertical a-spacing-small\">\n<li><span class=\"a-list-item a-size-base a-color-base\">\u3010Mat\u00e9riau de haute qualit\u00e9\u3011 Le Sac \u00e0 Dos Enfant est fabriqu\u00e9 en tissu Oxford, r\u00e9sistant aux rayures et \u00e0 l\u2019usure, et peut r\u00e9sister aux tests quotidiens.<\/span><\/li>\n<\/ul>\n<ul class=\"a-unordered-list a-vertical a-spacing-small\">\n<li><span class=\"a-list-item a-size-base a-color-base\">\u3010Capacit\u00e9 suffisante \u3011la grande zone principale zipp\u00e9e peut stocker des livres, des petits classeurs, des jouets, des v\u00eatements ou des fournitures scolaires, et la poche avant peut contenir des stylos ou de petits objets. Les poches lat\u00e9rales permettent de ranger une bouteille d\u2019eau ou un parapluie.<\/span><\/li>\n<\/ul>\n<ul class=\"a-unordered-list a-vertical a-spacing-small\">\n<li><span class=\"a-list-item a-size-base a-color-base\">\u3010Caract\u00e9ristiques\u3011 L\u2019ouverture du compartiment principal du Sac \u00e0 Dos Enfant est suffisamment grande et le sac \u00e0 dos offre suffisamment d\u2019espace pour ranger vos affaires les plus importantes, facilitant ainsi l\u2019acc\u00e8s aux fournitures scolaires quotidiennes.<\/span><\/li>\n<\/ul>\n<ul class=\"a-unordered-list a-vertical a-spacing-small\">\n<li><span class=\"a-list-item a-size-base a-color-base\">\u3010Taille\u3011 Taille du Sac \u00e0 Dos Enfant : adapt\u00e9 au transport quotidien des petits gar\u00e7ons \u00e2g\u00e9s de 6 \u00e0 10 ans.<\/span><\/li>\n<\/ul>\n<ul class=\"a-unordered-list a-vertical a-spacing-small\">\n<li><span class=\"a-list-item a-size-base a-color-base\">\u3010Conception humanis\u00e9e\u3011 Bretelles ergonomiques \u00e9largies et douces, confortables \u00e0 porter, r\u00e9glables, respirantes et r\u00e9duisant la pression.<\/span><\/li>\n<\/ul>\n<ul class=\"a-unordered-list a-vertical a-spacing-small\">\n<li><span class=\"a-list-item a-size-base a-color-base\">\u3010Large gamme d\u2019utilisations\u3011 Le Sac \u00e0 Dos Enfant peut \u00eatre utilis\u00e9 comme sac \u00e0 dos d\u2019\u00e9cole, de voyage et d\u00e9contract\u00e9. Parfait pour le campus, le camping, la randonn\u00e9e, les pique-niques, les \u00e9coles maternelles, les \u00e9l\u00e8ves du primaire, les voyages et plus encore.<\/span><\/li>\n<\/ul>\n<p><img fetchpriority=\"high\" decoding=\"async\" class=\"alignnone size-medium wp-image-403\" src=\"https:\/\/ibt-shop.com\/wp-content\/uploads\/2024\/08\/S97d9f3402a6b4814bb5cb3804fd31320r-170x300.webp\" alt=\"\" width=\"170\" height=\"300\" srcset=\"https:\/\/ibt-shop.com\/wp-content\/uploads\/2024\/08\/S97d9f3402a6b4814bb5cb3804fd31320r-170x300.webp 170w, https:\/\/ibt-shop.com\/wp-content\/uploads\/2024\/08\/S97d9f3402a6b4814bb5cb3804fd31320r-581x1024.webp 581w, https:\/\/ibt-shop.com\/wp-content\/uploads\/2024\/08\/S97d9f3402a6b4814bb5cb3804fd31320r-768x1353.webp 768w, https:\/\/ibt-shop.com\/wp-content\/uploads\/2024\/08\/S97d9f3402a6b4814bb5cb3804fd31320r-690x1216.webp 690w, https:\/\/ibt-shop.com\/wp-content\/uploads\/2024\/08\/S97d9f3402a6b4814bb5cb3804fd31320r.webp 790w\" sizes=\"(max-width: 170px) 100vw, 170px\" \/><img decoding=\"async\" class=\"alignnone size-medium wp-image-411\" src=\"https:\/\/ibt-shop.com\/wp-content\/uploads\/2024\/08\/Babimouse-3-300x300.jpg\" alt=\"\" width=\"300\" height=\"300\" srcset=\"https:\/\/ibt-shop.com\/wp-content\/uploads\/2024\/08\/Babimouse-3-300x300.jpg 300w, https:\/\/ibt-shop.com\/wp-content\/uploads\/2024\/08\/Babimouse-3-150x150.jpg 150w, https:\/\/ibt-shop.com\/wp-content\/uploads\/2024\/08\/Babimouse-3-768x768.jpg 768w, https:\/\/ibt-shop.com\/wp-content\/uploads\/2024\/08\/Babimouse-3-520x520.jpg 520w, https:\/\/ibt-shop.com\/wp-content\/uploads\/2024\/08\/Babimouse-3-90x90.jpg 90w, https:\/\/ibt-shop.com\/wp-content\/uploads\/2024\/08\/Babimouse-3-100x100.jpg 100w, https:\/\/ibt-shop.com\/wp-content\/uploads\/2024\/08\/Babimouse-3-630x630.jpg 630w, https:\/\/ibt-shop.com\/wp-content\/uploads\/2024\/08\/Babimouse-3-690x690.jpg 690w, https:\/\/ibt-shop.com\/wp-content\/uploads\/2024\/08\/Babimouse-3-160x160.jpg 160w, https:\/\/ibt-shop.com\/wp-content\/uploads\/2024\/08\/Babimouse-3.jpg 1024w\" sizes=\"(max-width: 300px) 100vw, 300px\" \/><\/p>\n<p><img decoding=\"async\" class=\"alignnone size-medium wp-image-406\" src=\"https:\/\/ibt-shop.com\/wp-content\/uploads\/2024\/08\/S5508dcb3e8024a7182c3c280c319d39aB-158x300.webp\" alt=\"\" width=\"158\" height=\"300\" srcset=\"https:\/\/ibt-shop.com\/wp-content\/uploads\/2024\/08\/S5508dcb3e8024a7182c3c280c319d39aB-158x300.webp 158w, https:\/\/ibt-shop.com\/wp-content\/uploads\/2024\/08\/S5508dcb3e8024a7182c3c280c319d39aB-541x1024.webp 541w, https:\/\/ibt-shop.com\/wp-content\/uploads\/2024\/08\/S5508dcb3e8024a7182c3c280c319d39aB-768x1454.webp 768w, https:\/\/ibt-shop.com\/wp-content\/uploads\/2024\/08\/S5508dcb3e8024a7182c3c280c319d39aB-690x1307.webp 690w, https:\/\/ibt-shop.com\/wp-content\/uploads\/2024\/08\/S5508dcb3e8024a7182c3c280c319d39aB.webp 790w\" sizes=\"(max-width: 158px) 100vw, 158px\" \/><\/p>\n<p><img loading=\"lazy\" decoding=\"async\" class=\"alignnone size-medium wp-image-405\" src=\"https:\/\/ibt-shop.com\/wp-content\/uploads\/2024\/08\/S3431b176eb914e57a599d4021eaacbe1g-220x300.webp\" alt=\"\" width=\"220\" height=\"300\" srcset=\"https:\/\/ibt-shop.com\/wp-content\/uploads\/2024\/08\/S3431b176eb914e57a599d4021eaacbe1g-220x300.webp 220w, https:\/\/ibt-shop.com\/wp-content\/uploads\/2024\/08\/S3431b176eb914e57a599d4021eaacbe1g-750x1024.webp 750w, https:\/\/ibt-shop.com\/wp-content\/uploads\/2024\/08\/S3431b176eb914e57a599d4021eaacbe1g-768x1048.webp 768w, https:\/\/ibt-shop.com\/wp-content\/uploads\/2024\/08\/S3431b176eb914e57a599d4021eaacbe1g-690x942.webp 690w, https:\/\/ibt-shop.com\/wp-content\/uploads\/2024\/08\/S3431b176eb914e57a599d4021eaacbe1g.webp 790w\" sizes=\"(max-width: 220px) 100vw, 220px\" \/><\/p>\n<p><img loading=\"lazy\" decoding=\"async\" class=\"alignnone size-medium wp-image-404\" src=\"https:\/\/ibt-shop.com\/wp-content\/uploads\/2024\/08\/Se5667cfbf32f476cba1145a9528aaedfK-144x300.webp\" alt=\"\" width=\"144\" height=\"300\" srcset=\"https:\/\/ibt-shop.com\/wp-content\/uploads\/2024\/08\/Se5667cfbf32f476cba1145a9528aaedfK-144x300.webp 144w, https:\/\/ibt-shop.com\/wp-content\/uploads\/2024\/08\/Se5667cfbf32f476cba1145a9528aaedfK-493x1024.webp 493w, https:\/\/ibt-shop.com\/wp-content\/uploads\/2024\/08\/Se5667cfbf32f476cba1145a9528aaedfK-690x1434.webp 690w, https:\/\/ibt-shop.com\/wp-content\/uploads\/2024\/08\/Se5667cfbf32f476cba1145a9528aaedfK.webp 722w\" sizes=\"(max-width: 144px) 100vw, 144px\" \/><\/p>\n<p><img loading=\"lazy\" decoding=\"async\" class=\"alignnone size-medium wp-image-402\" src=\"https:\/\/ibt-shop.com\/wp-content\/uploads\/2024\/08\/Sd4458d48255f4477b91c177e836c38d8K-146x300.webp\" alt=\"\" width=\"146\" height=\"300\" srcset=\"https:\/\/ibt-shop.com\/wp-content\/uploads\/2024\/08\/Sd4458d48255f4477b91c177e836c38d8K-146x300.webp 146w, https:\/\/ibt-shop.com\/wp-content\/uploads\/2024\/08\/Sd4458d48255f4477b91c177e836c38d8K-500x1024.webp 500w, https:\/\/ibt-shop.com\/wp-content\/uploads\/2024\/08\/Sd4458d48255f4477b91c177e836c38d8K-690x1413.webp 690w, https:\/\/ibt-shop.com\/wp-content\/uploads\/2024\/08\/Sd4458d48255f4477b91c177e836c38d8K.webp 732w\" sizes=\"(max-width: 146px) 100vw, 146px\" \/><\/p>\n<p><img loading=\"lazy\" decoding=\"async\" class=\"alignnone size-medium wp-image-401\" src=\"https:\/\/ibt-shop.com\/wp-content\/uploads\/2024\/08\/Sbb17a9d367b24d76bd0f165fd6daa0ccJ-155x300.webp\" alt=\"\" width=\"155\" height=\"300\" srcset=\"https:\/\/ibt-shop.com\/wp-content\/uploads\/2024\/08\/Sbb17a9d367b24d76bd0f165fd6daa0ccJ-155x300.webp 155w, https:\/\/ibt-shop.com\/wp-content\/uploads\/2024\/08\/Sbb17a9d367b24d76bd0f165fd6daa0ccJ-528x1024.webp 528w, https:\/\/ibt-shop.com\/wp-content\/uploads\/2024\/08\/Sbb17a9d367b24d76bd0f165fd6daa0ccJ-768x1490.webp 768w, https:\/\/ibt-shop.com\/wp-content\/uploads\/2024\/08\/Sbb17a9d367b24d76bd0f165fd6daa0ccJ-690x1339.webp 690w, https:\/\/ibt-shop.com\/wp-content\/uploads\/2024\/08\/Sbb17a9d367b24d76bd0f165fd6daa0ccJ.webp 772w\" sizes=\"(max-width: 155px) 100vw, 155px\" \/><\/p>\n<p><img loading=\"lazy\" decoding=\"async\" class=\"alignnone size-medium wp-image-400\" src=\"https:\/\/ibt-shop.com\/wp-content\/uploads\/2024\/08\/S3093eb734eee43118c8d300e8cb6f6dde-189x300.webp\" alt=\"\" width=\"189\" height=\"300\" srcset=\"https:\/\/ibt-shop.com\/wp-content\/uploads\/2024\/08\/S3093eb734eee43118c8d300e8cb6f6dde-189x300.webp 189w, https:\/\/ibt-shop.com\/wp-content\/uploads\/2024\/08\/S3093eb734eee43118c8d300e8cb6f6dde-646x1024.webp 646w, https:\/\/ibt-shop.com\/wp-content\/uploads\/2024\/08\/S3093eb734eee43118c8d300e8cb6f6dde-768x1217.webp 768w, https:\/\/ibt-shop.com\/wp-content\/uploads\/2024\/08\/S3093eb734eee43118c8d300e8cb6f6dde-690x1094.webp 690w, https:\/\/ibt-shop.com\/wp-content\/uploads\/2024\/08\/S3093eb734eee43118c8d300e8cb6f6dde.webp 790w\" sizes=\"(max-width: 189px) 100vw, 189px\" \/><\/p>\n<p><img loading=\"lazy\" decoding=\"async\" class=\"alignnone size-medium wp-image-398\" src=\"https:\/\/ibt-shop.com\/wp-content\/uploads\/2024\/08\/S19d18a78701c475d9ebc91739d96154fu-300x215.webp\" alt=\"\" width=\"300\" height=\"215\" srcset=\"https:\/\/ibt-shop.com\/wp-content\/uploads\/2024\/08\/S19d18a78701c475d9ebc91739d96154fu-300x215.webp 300w, https:\/\/ibt-shop.com\/wp-content\/uploads\/2024\/08\/S19d18a78701c475d9ebc91739d96154fu-768x549.webp 768w, https:\/\/ibt-shop.com\/wp-content\/uploads\/2024\/08\/S19d18a78701c475d9ebc91739d96154fu-690x493.webp 690w, https:\/\/ibt-shop.com\/wp-content\/uploads\/2024\/08\/S19d18a78701c475d9ebc91739d96154fu.webp 790w\" sizes=\"(max-width: 300px) 100vw, 300px\" \/><\/p>\n","protected":false},"excerpt":{"rendered":"<p>\u3010Mat\u00e9riau de haute qualit\u00e9\u3011 Le Sac \u00e0 Dos Enfant est fabriqu\u00e9 en tissu Oxford, r\u00e9sistant aux rayures et \u00e0 l\u2019usure, et peut r\u00e9sister aux tests quotidiens. \u3010Capacit\u00e9 suffisante \u3011la grande zone principale zipp\u00e9e peut stocker des livres, des petits classeurs, des jouets, des v\u00eatements ou des fournitures scolaires, et la poche avant peut contenir des [&hellip;]<\/p>\n","protected":false},"featured_media":407,"comment_status":"open","ping_status":"closed","template":"","meta":[],"product_brand":[],"product_cat":[25],"product_tag":[],"class_list":{"0":"post-397","1":"product","2":"type-product","3":"status-publish","4":"has-post-thumbnail","6":"product_cat-25","8":"first","9":"instock","10":"sale","11":"shipping-taxable","12":"purchasable","13":"product-type-simple"},"_links":{"self":[{"href":"https:\/\/ibt-shop.com\/index.php\/wp-json\/wp\/v2\/product\/397","targetHints":{"allow":["GET"]}}],"collection":[{"href":"https:\/\/ibt-shop.com\/index.php\/wp-json\/wp\/v2\/product"}],"about":[{"href":"https:\/\/ibt-shop.com\/index.php\/wp-json\/wp\/v2\/types\/product"}],"replies":[{"embeddable":true,"href":"https:\/\/ibt-shop.com\/index.php\/wp-json\/wp\/v2\/comments?post=397"}],"wp:featuredmedia":[{"embeddable":true,"href":"https:\/\/ibt-shop.com\/index.php\/wp-json\/wp\/v2\/media\/407"}],"wp:attachment":[{"href":"https:\/\/ibt-shop.com\/index.php\/wp-json\/wp\/v2\/media?parent=397"}],"wp:term":[{"taxonomy":"product_brand","embeddable":true,"href":"https:\/\/ibt-shop.com\/index.php\/wp-json\/wp\/v2\/product_brand?post=397"},{"taxonomy":"product_cat","embeddable":true,"href":"https:\/\/ibt-shop.com\/index.php\/wp-json\/wp\/v2\/product_cat?post=397"},{"taxonomy":"product_tag","embeddable":true,"href":"https:\/\/ibt-shop.com\/index.php\/wp-json\/wp\/v2\/product_tag?post=397"}],"curies":[{"name":"wp","href":"https:\/\/api.w.org\/{rel}","templated":true}]}}