{"id":364,"date":"2024-08-05T16:25:03","date_gmt":"2024-08-05T16:25:03","guid":{"rendered":"https:\/\/ibt-shop.com\/?post_type=product&#038;p=364"},"modified":"2024-08-09T13:00:52","modified_gmt":"2024-08-09T13:00:52","slug":"sacs-decole-pour-enfants-de-style-chinois","status":"publish","type":"product","link":"https:\/\/ibt-shop.com\/index.php\/product\/sacs-decole-pour-enfants-de-style-chinois\/","title":{"rendered":"Sacs d&rsquo;\u00e9cole pour enfants de style chinois"},"content":{"rendered":"<p>Sacs d&rsquo;\u00e9cole pour enfants de style chinois, sacs \u00e0 dos pour adolescents, sacs \u00e0 dos pour gar\u00e7ons et filles,<\/p>\n<p>&nbsp;<\/p>\n<p>Lieu d&rsquo;origine Chine (continent)<\/p>\n<p>Largeur de l&rsquo;article 20cm<\/p>\n<p>Poids de l&rsquo;article 0.4kg<\/p>\n<p>Longueur de l&rsquo;article 30cm<\/p>\n<p><img fetchpriority=\"high\" decoding=\"async\" class=\"alignnone size-medium wp-image-368\" src=\"https:\/\/ibt-shop.com\/wp-content\/uploads\/2024\/08\/photo_12_2024-08-05_17-01-34-300x300.jpg\" alt=\"\" width=\"300\" height=\"300\" srcset=\"https:\/\/ibt-shop.com\/wp-content\/uploads\/2024\/08\/photo_12_2024-08-05_17-01-34-300x300.jpg 300w, https:\/\/ibt-shop.com\/wp-content\/uploads\/2024\/08\/photo_12_2024-08-05_17-01-34-150x150.jpg 150w, https:\/\/ibt-shop.com\/wp-content\/uploads\/2024\/08\/photo_12_2024-08-05_17-01-34-520x520.jpg 520w, https:\/\/ibt-shop.com\/wp-content\/uploads\/2024\/08\/photo_12_2024-08-05_17-01-34-90x90.jpg 90w, https:\/\/ibt-shop.com\/wp-content\/uploads\/2024\/08\/photo_12_2024-08-05_17-01-34-100x100.jpg 100w, https:\/\/ibt-shop.com\/wp-content\/uploads\/2024\/08\/photo_12_2024-08-05_17-01-34-630x630.jpg 630w, https:\/\/ibt-shop.com\/wp-content\/uploads\/2024\/08\/photo_12_2024-08-05_17-01-34-160x160.jpg 160w, https:\/\/ibt-shop.com\/wp-content\/uploads\/2024\/08\/photo_12_2024-08-05_17-01-34.jpg 640w\" sizes=\"(max-width: 300px) 100vw, 300px\" \/><\/p>\n<p><img decoding=\"async\" class=\"alignnone size-medium wp-image-370\" src=\"https:\/\/ibt-shop.com\/wp-content\/uploads\/2024\/08\/photo_11_2024-08-05_17-01-34-300x300.jpg\" alt=\"\" width=\"300\" height=\"300\" srcset=\"https:\/\/ibt-shop.com\/wp-content\/uploads\/2024\/08\/photo_11_2024-08-05_17-01-34-300x300.jpg 300w, https:\/\/ibt-shop.com\/wp-content\/uploads\/2024\/08\/photo_11_2024-08-05_17-01-34-150x150.jpg 150w, https:\/\/ibt-shop.com\/wp-content\/uploads\/2024\/08\/photo_11_2024-08-05_17-01-34-520x520.jpg 520w, https:\/\/ibt-shop.com\/wp-content\/uploads\/2024\/08\/photo_11_2024-08-05_17-01-34-90x90.jpg 90w, https:\/\/ibt-shop.com\/wp-content\/uploads\/2024\/08\/photo_11_2024-08-05_17-01-34-100x100.jpg 100w, https:\/\/ibt-shop.com\/wp-content\/uploads\/2024\/08\/photo_11_2024-08-05_17-01-34-630x630.jpg 630w, https:\/\/ibt-shop.com\/wp-content\/uploads\/2024\/08\/photo_11_2024-08-05_17-01-34-160x160.jpg 160w, https:\/\/ibt-shop.com\/wp-content\/uploads\/2024\/08\/photo_11_2024-08-05_17-01-34.jpg 640w\" sizes=\"(max-width: 300px) 100vw, 300px\" \/><\/p>\n<p>&nbsp;<\/p>\n<p><img decoding=\"async\" class=\"alignnone size-medium wp-image-369\" src=\"https:\/\/ibt-shop.com\/wp-content\/uploads\/2024\/08\/photo_10_2024-08-05_17-01-34-300x300.jpg\" alt=\"\" width=\"300\" height=\"300\" srcset=\"https:\/\/ibt-shop.com\/wp-content\/uploads\/2024\/08\/photo_10_2024-08-05_17-01-34-300x300.jpg 300w, https:\/\/ibt-shop.com\/wp-content\/uploads\/2024\/08\/photo_10_2024-08-05_17-01-34-150x150.jpg 150w, https:\/\/ibt-shop.com\/wp-content\/uploads\/2024\/08\/photo_10_2024-08-05_17-01-34-520x520.jpg 520w, https:\/\/ibt-shop.com\/wp-content\/uploads\/2024\/08\/photo_10_2024-08-05_17-01-34-90x90.jpg 90w, https:\/\/ibt-shop.com\/wp-content\/uploads\/2024\/08\/photo_10_2024-08-05_17-01-34-100x100.jpg 100w, https:\/\/ibt-shop.com\/wp-content\/uploads\/2024\/08\/photo_10_2024-08-05_17-01-34-630x630.jpg 630w, https:\/\/ibt-shop.com\/wp-content\/uploads\/2024\/08\/photo_10_2024-08-05_17-01-34-160x160.jpg 160w, https:\/\/ibt-shop.com\/wp-content\/uploads\/2024\/08\/photo_10_2024-08-05_17-01-34.jpg 640w\" sizes=\"(max-width: 300px) 100vw, 300px\" \/><\/p>\n<p><img loading=\"lazy\" decoding=\"async\" class=\"alignnone size-medium wp-image-367\" src=\"https:\/\/ibt-shop.com\/wp-content\/uploads\/2024\/08\/photo_13_2024-08-05_17-01-34-169x300.jpg\" alt=\"\" width=\"169\" height=\"300\" srcset=\"https:\/\/ibt-shop.com\/wp-content\/uploads\/2024\/08\/photo_13_2024-08-05_17-01-34-169x300.jpg 169w, https:\/\/ibt-shop.com\/wp-content\/uploads\/2024\/08\/photo_13_2024-08-05_17-01-34-578x1024.jpg 578w, https:\/\/ibt-shop.com\/wp-content\/uploads\/2024\/08\/photo_13_2024-08-05_17-01-34-690x1223.jpg 690w, https:\/\/ibt-shop.com\/wp-content\/uploads\/2024\/08\/photo_13_2024-08-05_17-01-34.jpg 722w\" sizes=\"(max-width: 169px) 100vw, 169px\" \/><\/p>\n<p><img loading=\"lazy\" decoding=\"async\" class=\"alignnone size-medium wp-image-372\" src=\"https:\/\/ibt-shop.com\/wp-content\/uploads\/2024\/08\/photo_8_2024-08-05_17-01-34-190x300.jpg\" alt=\"\" width=\"190\" height=\"300\" srcset=\"https:\/\/ibt-shop.com\/wp-content\/uploads\/2024\/08\/photo_8_2024-08-05_17-01-34-190x300.jpg 190w, https:\/\/ibt-shop.com\/wp-content\/uploads\/2024\/08\/photo_8_2024-08-05_17-01-34-649x1024.jpg 649w, https:\/\/ibt-shop.com\/wp-content\/uploads\/2024\/08\/photo_8_2024-08-05_17-01-34-768x1212.jpg 768w, https:\/\/ibt-shop.com\/wp-content\/uploads\/2024\/08\/photo_8_2024-08-05_17-01-34-690x1089.jpg 690w, https:\/\/ibt-shop.com\/wp-content\/uploads\/2024\/08\/photo_8_2024-08-05_17-01-34.jpg 790w\" sizes=\"(max-width: 190px) 100vw, 190px\" \/><\/p>\n<p><img loading=\"lazy\" decoding=\"async\" class=\"alignnone size-medium wp-image-371\" src=\"https:\/\/ibt-shop.com\/wp-content\/uploads\/2024\/08\/photo_9_2024-08-05_17-01-34-144x300.jpg\" alt=\"\" width=\"144\" height=\"300\" srcset=\"https:\/\/ibt-shop.com\/wp-content\/uploads\/2024\/08\/photo_9_2024-08-05_17-01-34-144x300.jpg 144w, https:\/\/ibt-shop.com\/wp-content\/uploads\/2024\/08\/photo_9_2024-08-05_17-01-34-490x1024.jpg 490w, https:\/\/ibt-shop.com\/wp-content\/uploads\/2024\/08\/photo_9_2024-08-05_17-01-34.jpg 613w\" sizes=\"(max-width: 144px) 100vw, 144px\" \/><\/p>\n<p><img loading=\"lazy\" decoding=\"async\" class=\"alignnone size-medium wp-image-373\" src=\"https:\/\/ibt-shop.com\/wp-content\/uploads\/2024\/08\/photo_7_2024-08-05_17-01-34-179x300.jpg\" alt=\"\" width=\"179\" height=\"300\" srcset=\"https:\/\/ibt-shop.com\/wp-content\/uploads\/2024\/08\/photo_7_2024-08-05_17-01-34-179x300.jpg 179w, https:\/\/ibt-shop.com\/wp-content\/uploads\/2024\/08\/photo_7_2024-08-05_17-01-34-612x1024.jpg 612w, https:\/\/ibt-shop.com\/wp-content\/uploads\/2024\/08\/photo_7_2024-08-05_17-01-34-690x1155.jpg 690w, https:\/\/ibt-shop.com\/wp-content\/uploads\/2024\/08\/photo_7_2024-08-05_17-01-34.jpg 765w\" sizes=\"(max-width: 179px) 100vw, 179px\" \/><\/p>\n<p><img loading=\"lazy\" decoding=\"async\" class=\"alignnone size-medium wp-image-375\" src=\"https:\/\/ibt-shop.com\/wp-content\/uploads\/2024\/08\/photo_5_2024-08-05_17-01-34-212x300.jpg\" alt=\"\" width=\"212\" height=\"300\" srcset=\"https:\/\/ibt-shop.com\/wp-content\/uploads\/2024\/08\/photo_5_2024-08-05_17-01-34-212x300.jpg 212w, https:\/\/ibt-shop.com\/wp-content\/uploads\/2024\/08\/photo_5_2024-08-05_17-01-34-723x1024.jpg 723w, https:\/\/ibt-shop.com\/wp-content\/uploads\/2024\/08\/photo_5_2024-08-05_17-01-34-768x1088.jpg 768w, https:\/\/ibt-shop.com\/wp-content\/uploads\/2024\/08\/photo_5_2024-08-05_17-01-34-690x977.jpg 690w, https:\/\/ibt-shop.com\/wp-content\/uploads\/2024\/08\/photo_5_2024-08-05_17-01-34.jpg 790w\" sizes=\"(max-width: 212px) 100vw, 212px\" \/><\/p>\n<p><img loading=\"lazy\" decoding=\"async\" class=\"alignnone size-medium wp-image-365\" src=\"https:\/\/ibt-shop.com\/wp-content\/uploads\/2024\/08\/photo_15_2024-08-05_17-01-34-167x300.jpg\" alt=\"\" width=\"167\" height=\"300\" srcset=\"https:\/\/ibt-shop.com\/wp-content\/uploads\/2024\/08\/photo_15_2024-08-05_17-01-34-167x300.jpg 167w, https:\/\/ibt-shop.com\/wp-content\/uploads\/2024\/08\/photo_15_2024-08-05_17-01-34-570x1024.jpg 570w, https:\/\/ibt-shop.com\/wp-content\/uploads\/2024\/08\/photo_15_2024-08-05_17-01-34-690x1239.jpg 690w, https:\/\/ibt-shop.com\/wp-content\/uploads\/2024\/08\/photo_15_2024-08-05_17-01-34.jpg 713w\" sizes=\"(max-width: 167px) 100vw, 167px\" \/><\/p>\n<p><img loading=\"lazy\" decoding=\"async\" class=\"alignnone size-medium wp-image-366\" src=\"https:\/\/ibt-shop.com\/wp-content\/uploads\/2024\/08\/photo_14_2024-08-05_17-01-34-300x300.jpg\" alt=\"\" width=\"300\" height=\"300\" srcset=\"https:\/\/ibt-shop.com\/wp-content\/uploads\/2024\/08\/photo_14_2024-08-05_17-01-34-300x300.jpg 300w, https:\/\/ibt-shop.com\/wp-content\/uploads\/2024\/08\/photo_14_2024-08-05_17-01-34-150x150.jpg 150w, https:\/\/ibt-shop.com\/wp-content\/uploads\/2024\/08\/photo_14_2024-08-05_17-01-34-520x520.jpg 520w, https:\/\/ibt-shop.com\/wp-content\/uploads\/2024\/08\/photo_14_2024-08-05_17-01-34-90x90.jpg 90w, https:\/\/ibt-shop.com\/wp-content\/uploads\/2024\/08\/photo_14_2024-08-05_17-01-34-100x100.jpg 100w, https:\/\/ibt-shop.com\/wp-content\/uploads\/2024\/08\/photo_14_2024-08-05_17-01-34-630x630.jpg 630w, https:\/\/ibt-shop.com\/wp-content\/uploads\/2024\/08\/photo_14_2024-08-05_17-01-34-160x160.jpg 160w, https:\/\/ibt-shop.com\/wp-content\/uploads\/2024\/08\/photo_14_2024-08-05_17-01-34.jpg 640w\" sizes=\"(max-width: 300px) 100vw, 300px\" \/><\/p>\n","protected":false},"excerpt":{"rendered":"<p>Sacs d&rsquo;\u00e9cole pour enfants de style chinois, sacs \u00e0 dos pour adolescents, sacs \u00e0 dos pour gar\u00e7ons et filles, &nbsp; Lieu d&rsquo;origine Chine (continent) Largeur de l&rsquo;article 20cm Poids de l&rsquo;article 0.4kg Longueur de l&rsquo;article 30cm &nbsp;<\/p>\n","protected":false},"featured_media":382,"comment_status":"open","ping_status":"closed","template":"","meta":[],"product_brand":[],"product_cat":[25],"product_tag":[],"class_list":{"0":"post-364","1":"product","2":"type-product","3":"status-publish","4":"has-post-thumbnail","6":"product_cat-25","8":"first","9":"instock","10":"sale","11":"shipping-taxable","12":"purchasable","13":"product-type-simple"},"_links":{"self":[{"href":"https:\/\/ibt-shop.com\/index.php\/wp-json\/wp\/v2\/product\/364","targetHints":{"allow":["GET"]}}],"collection":[{"href":"https:\/\/ibt-shop.com\/index.php\/wp-json\/wp\/v2\/product"}],"about":[{"href":"https:\/\/ibt-shop.com\/index.php\/wp-json\/wp\/v2\/types\/product"}],"replies":[{"embeddable":true,"href":"https:\/\/ibt-shop.com\/index.php\/wp-json\/wp\/v2\/comments?post=364"}],"wp:featuredmedia":[{"embeddable":true,"href":"https:\/\/ibt-shop.com\/index.php\/wp-json\/wp\/v2\/media\/382"}],"wp:attachment":[{"href":"https:\/\/ibt-shop.com\/index.php\/wp-json\/wp\/v2\/media?parent=364"}],"wp:term":[{"taxonomy":"product_brand","embeddable":true,"href":"https:\/\/ibt-shop.com\/index.php\/wp-json\/wp\/v2\/product_brand?post=364"},{"taxonomy":"product_cat","embeddable":true,"href":"https:\/\/ibt-shop.com\/index.php\/wp-json\/wp\/v2\/product_cat?post=364"},{"taxonomy":"product_tag","embeddable":true,"href":"https:\/\/ibt-shop.com\/index.php\/wp-json\/wp\/v2\/product_tag?post=364"}],"curies":[{"name":"wp","href":"https:\/\/api.w.org\/{rel}","templated":true}]}}