{"id":356,"date":"2024-08-05T15:40:50","date_gmt":"2024-08-05T15:40:50","guid":{"rendered":"https:\/\/ibt-shop.com\/?post_type=product&#038;p=356"},"modified":"2026-03-25T01:51:32","modified_gmt":"2026-03-25T01:51:32","slug":"cabas-luxe-de-sport-et-voyage-impermeable-avec-independant-entrepot-de-chaussures","status":"publish","type":"product","link":"https:\/\/ibt-shop.com\/index.php\/product\/cabas-luxe-de-sport-et-voyage-impermeable-avec-independant-entrepot-de-chaussures\/","title":{"rendered":"Cabas Luxe de sport et Voyage Imperm\u00e9able"},"content":{"rendered":"<h2 style=\"text-align: center;\"><span style=\"color: #ff0000;\">\u00a0\u062f\u064a\u0631 \u0637\u0644\u0628\u064a\u0629 \u062f\u064a\u0627\u0644\u0643 \u0646\u062a\u0635\u0644\u0648 \u0628\u064a\u0643 \u0646\u0623\u0643\u062f\u0648 \u0645\u0639\u0627\u0643 \u0627\u0644\u0644\u0648\u0646<\/span><\/h2>\n<p>Cabas Luxe de sport et Voyage Imperm\u00e9able avec Ind\u00e9pendant Entrep\u00f4t de Chaussures<\/p>\n<p>Largeur de l\u2019article : 20cm<br \/>\nLongueur de l\u2019article : 40cm<br \/>\nPoids de l\u2019article :0.5kg<br \/>\nImperm\u00e9able<br \/>\nInd\u00e9pendant Entrep\u00f4t de Chaussures<img fetchpriority=\"high\" decoding=\"async\" class=\"alignnone size-medium wp-image-360\" src=\"https:\/\/ibt-shop.com\/wp-content\/uploads\/2024\/08\/photo_3_2024-08-05_16-33-41-220x300.jpg\" alt=\"\" width=\"220\" height=\"300\" srcset=\"https:\/\/ibt-shop.com\/wp-content\/uploads\/2024\/08\/photo_3_2024-08-05_16-33-41-220x300.jpg 220w, https:\/\/ibt-shop.com\/wp-content\/uploads\/2024\/08\/photo_3_2024-08-05_16-33-41.jpg 480w\" sizes=\"(max-width: 220px) 100vw, 220px\" \/> <img decoding=\"async\" class=\"alignnone size-medium wp-image-361\" src=\"https:\/\/ibt-shop.com\/wp-content\/uploads\/2024\/08\/photo_4_2024-08-05_16-33-41-220x300.jpg\" alt=\"\" width=\"220\" height=\"300\" srcset=\"https:\/\/ibt-shop.com\/wp-content\/uploads\/2024\/08\/photo_4_2024-08-05_16-33-41-220x300.jpg 220w, https:\/\/ibt-shop.com\/wp-content\/uploads\/2024\/08\/photo_4_2024-08-05_16-33-41.jpg 480w\" sizes=\"(max-width: 220px) 100vw, 220px\" \/> <img decoding=\"async\" class=\"alignnone size-medium wp-image-362\" src=\"https:\/\/ibt-shop.com\/wp-content\/uploads\/2024\/08\/photo_2_2024-08-05_16-33-41-220x300.jpg\" alt=\"\" width=\"220\" height=\"300\" srcset=\"https:\/\/ibt-shop.com\/wp-content\/uploads\/2024\/08\/photo_2_2024-08-05_16-33-41-220x300.jpg 220w, https:\/\/ibt-shop.com\/wp-content\/uploads\/2024\/08\/photo_2_2024-08-05_16-33-41.jpg 480w\" sizes=\"(max-width: 220px) 100vw, 220px\" \/> <img loading=\"lazy\" decoding=\"async\" class=\"alignnone size-medium wp-image-363\" src=\"https:\/\/ibt-shop.com\/wp-content\/uploads\/2024\/08\/photo_1_2024-08-05_16-33-41-220x300.jpg\" alt=\"\" width=\"220\" height=\"300\" srcset=\"https:\/\/ibt-shop.com\/wp-content\/uploads\/2024\/08\/photo_1_2024-08-05_16-33-41-220x300.jpg 220w, https:\/\/ibt-shop.com\/wp-content\/uploads\/2024\/08\/photo_1_2024-08-05_16-33-41.jpg 480w\" sizes=\"(max-width: 220px) 100vw, 220px\" \/><\/p>\n","protected":false},"excerpt":{"rendered":"<p>\u00a0\u062f\u064a\u0631 \u0637\u0644\u0628\u064a\u0629 \u062f\u064a\u0627\u0644\u0643 \u0646\u062a\u0635\u0644\u0648 \u0628\u064a\u0643 \u0646\u0623\u0643\u062f\u0648 \u0645\u0639\u0627\u0643 \u0627\u0644\u0644\u0648\u0646 Cabas Luxe de sport et Voyage Imperm\u00e9able avec Ind\u00e9pendant Entrep\u00f4t de Chaussures Largeur de l\u2019article : 20cm Longueur de l\u2019article : 40cm Poids de l\u2019article :0.5kg Imperm\u00e9able Ind\u00e9pendant Entrep\u00f4t de Chaussures<\/p>\n","protected":false},"featured_media":358,"comment_status":"open","ping_status":"closed","template":"","meta":[],"product_brand":[],"product_cat":[25],"product_tag":[],"class_list":{"0":"post-356","1":"product","2":"type-product","3":"status-publish","4":"has-post-thumbnail","6":"product_cat-25","8":"first","9":"instock","10":"sale","11":"shipping-taxable","12":"purchasable","13":"product-type-simple"},"_links":{"self":[{"href":"https:\/\/ibt-shop.com\/index.php\/wp-json\/wp\/v2\/product\/356","targetHints":{"allow":["GET"]}}],"collection":[{"href":"https:\/\/ibt-shop.com\/index.php\/wp-json\/wp\/v2\/product"}],"about":[{"href":"https:\/\/ibt-shop.com\/index.php\/wp-json\/wp\/v2\/types\/product"}],"replies":[{"embeddable":true,"href":"https:\/\/ibt-shop.com\/index.php\/wp-json\/wp\/v2\/comments?post=356"}],"wp:featuredmedia":[{"embeddable":true,"href":"https:\/\/ibt-shop.com\/index.php\/wp-json\/wp\/v2\/media\/358"}],"wp:attachment":[{"href":"https:\/\/ibt-shop.com\/index.php\/wp-json\/wp\/v2\/media?parent=356"}],"wp:term":[{"taxonomy":"product_brand","embeddable":true,"href":"https:\/\/ibt-shop.com\/index.php\/wp-json\/wp\/v2\/product_brand?post=356"},{"taxonomy":"product_cat","embeddable":true,"href":"https:\/\/ibt-shop.com\/index.php\/wp-json\/wp\/v2\/product_cat?post=356"},{"taxonomy":"product_tag","embeddable":true,"href":"https:\/\/ibt-shop.com\/index.php\/wp-json\/wp\/v2\/product_tag?post=356"}],"curies":[{"name":"wp","href":"https:\/\/api.w.org\/{rel}","templated":true}]}}