{"id":313,"date":"2024-08-03T16:17:48","date_gmt":"2024-08-03T16:17:48","guid":{"rendered":"https:\/\/ibt-shop.com\/?post_type=product&#038;p=313"},"modified":"2025-06-28T14:38:11","modified_gmt":"2025-06-28T14:38:11","slug":"mandoline-de-cuisine-manuelle-coupe-legumes-multifonction","status":"publish","type":"product","link":"https:\/\/ibt-shop.com\/index.php\/product\/mandoline-de-cuisine-manuelle-coupe-legumes-multifonction\/","title":{"rendered":"Mandoline De Cuisine Manuelle &#8211; Coupe-L\u00e9gumes Multifonction"},"content":{"rendered":"<p><b>Coupe-l\u00e9gumes multifonction\u00a0<\/b><b><br \/>\n<\/b>PR\u00c9PAREZ FACILEMENT VOS SALADES DE CRUDIT\u00c9S ET FRITES : Ce coupe-l\u00e9gumes est l\u2019appareil id\u00e9al en cuisine pour la d\u00e9coupe des l\u00e9gumes. Il permet de r\u00e9aliser des rondelles, des cubes ou des frites en quelques secondes. Vous pouvez r\u00e9gler l\u2019\u00e9paisseur des tranches de 0,5 \u00e0 8 mm. Un r\u00e9cipient permet de r\u00e9cup\u00e9rer les aliments d\u00e9coup\u00e9sS\u00dbR ET SANS DANGER : Cette mandoline a \u00e9t\u00e9 sp\u00e9cialement con\u00e7ue pour permettre une utilisation sans risque. Les lames sont prot\u00e9g\u00e9es et le chargement se fait gr\u00e2ce \u00e0 un poussoir afin d\u2019\u00e9viter tout risque de coupure. Le changement de lame se fait sans manipulation des lames gr\u00e2ce au syst\u00e8me de r\u00e9glage innovant actionn\u00e9 en appuyant sur la poign\u00e9eMAT\u00c9RIAUX DE HAUTE QUALIT\u00c9 \u2013 TR\u00c8S STABLE : Cette mandoline verticale est conforme aux normes CE et ne contient pas de BPA. Les lames japonaises sont fabriqu\u00e9es en acier inoxydable 420J qui assurent un tranchant et une r\u00e9sistance exceptionnels. Les ventouses positionn\u00e9es sous les pieds assurent une parfaite stabilit\u00e9 lorsque vous manipulez la mandolineNETTOYAGE ET RANGEMENT FACILES : Nettoyez votre mandoline avec de l\u2019eau et du liquide vaisselle. Une brosse de nettoyage est fournie pour garantir un lavage des lames en toute s\u00e9curit\u00e9. La poign\u00e9e r\u00e9tractable et le pied pliable permettent de gagner de la place et de ranger facilement votre mandoline dans un tiroir ou un placard de cuisineMANUEL D\u2019UTILISATION \u2013 GARANTIE : La satisfaction de nos clients et la qualit\u00e9 de nos produits sont nos priorit\u00e9s. Vous recevrez un guide d\u2019utilisation avec votre commande afin de d\u00e9couvrir toutes les fonctionnalit\u00e9s offertes par votre nouvelle mandoline. Pour visualiser des vid\u00e9os de d\u00e9monstration, cliquez sur Once for All en haut de cette page. Ce produit b\u00e9n\u00e9ficie d\u2019une garantie de satisfaction. N\u2019h\u00e9sitez-pas \u00e0 nous contacter si besoin<\/p>\n<p><img fetchpriority=\"high\" decoding=\"async\" class=\"alignnone size-medium wp-image-317\" src=\"https:\/\/ibt-shop.com\/wp-content\/uploads\/2024\/08\/4-300x300.jpg\" alt=\"\" width=\"300\" height=\"300\" srcset=\"https:\/\/ibt-shop.com\/wp-content\/uploads\/2024\/08\/4-300x300.jpg 300w, https:\/\/ibt-shop.com\/wp-content\/uploads\/2024\/08\/4-150x150.jpg 150w, https:\/\/ibt-shop.com\/wp-content\/uploads\/2024\/08\/4-90x90.jpg 90w, https:\/\/ibt-shop.com\/wp-content\/uploads\/2024\/08\/4-100x100.jpg 100w, https:\/\/ibt-shop.com\/wp-content\/uploads\/2024\/08\/4-160x160.jpg 160w, https:\/\/ibt-shop.com\/wp-content\/uploads\/2024\/08\/4.jpg 500w\" sizes=\"(max-width: 300px) 100vw, 300px\" \/><img decoding=\"async\" class=\"alignnone size-medium wp-image-315\" src=\"https:\/\/ibt-shop.com\/wp-content\/uploads\/2024\/08\/6-300x300.jpg\" alt=\"\" width=\"300\" height=\"300\" srcset=\"https:\/\/ibt-shop.com\/wp-content\/uploads\/2024\/08\/6-300x300.jpg 300w, https:\/\/ibt-shop.com\/wp-content\/uploads\/2024\/08\/6-150x150.jpg 150w, https:\/\/ibt-shop.com\/wp-content\/uploads\/2024\/08\/6-90x90.jpg 90w, https:\/\/ibt-shop.com\/wp-content\/uploads\/2024\/08\/6-100x100.jpg 100w, https:\/\/ibt-shop.com\/wp-content\/uploads\/2024\/08\/6-160x160.jpg 160w, https:\/\/ibt-shop.com\/wp-content\/uploads\/2024\/08\/6.jpg 500w\" sizes=\"(max-width: 300px) 100vw, 300px\" \/><img decoding=\"async\" class=\"alignnone size-medium wp-image-318\" src=\"https:\/\/ibt-shop.com\/wp-content\/uploads\/2024\/08\/3-1-300x300.jpg\" alt=\"\" width=\"300\" height=\"300\" srcset=\"https:\/\/ibt-shop.com\/wp-content\/uploads\/2024\/08\/3-1-300x300.jpg 300w, https:\/\/ibt-shop.com\/wp-content\/uploads\/2024\/08\/3-1-150x150.jpg 150w, https:\/\/ibt-shop.com\/wp-content\/uploads\/2024\/08\/3-1-90x90.jpg 90w, https:\/\/ibt-shop.com\/wp-content\/uploads\/2024\/08\/3-1-100x100.jpg 100w, https:\/\/ibt-shop.com\/wp-content\/uploads\/2024\/08\/3-1-160x160.jpg 160w, https:\/\/ibt-shop.com\/wp-content\/uploads\/2024\/08\/3-1.jpg 500w\" sizes=\"(max-width: 300px) 100vw, 300px\" \/><\/p>\n","protected":false},"excerpt":{"rendered":"<p>Coupe-l\u00e9gumes multifonction\u00a0 PR\u00c9PAREZ FACILEMENT VOS SALADES DE CRUDIT\u00c9S ET FRITES : Ce coupe-l\u00e9gumes est l\u2019appareil id\u00e9al en cuisine pour la d\u00e9coupe des l\u00e9gumes. Il permet de r\u00e9aliser des rondelles, des cubes ou des frites en quelques secondes. Vous pouvez r\u00e9gler l\u2019\u00e9paisseur des tranches de 0,5 \u00e0 8 mm. Un r\u00e9cipient permet de r\u00e9cup\u00e9rer les aliments [&hellip;]<\/p>\n","protected":false},"featured_media":316,"comment_status":"open","ping_status":"closed","template":"","meta":[],"product_brand":[],"product_cat":[19],"product_tag":[],"class_list":{"0":"post-313","1":"product","2":"type-product","3":"status-publish","4":"has-post-thumbnail","6":"product_cat-tech","8":"first","9":"instock","10":"sale","11":"shipping-taxable","12":"purchasable","13":"product-type-simple"},"_links":{"self":[{"href":"https:\/\/ibt-shop.com\/index.php\/wp-json\/wp\/v2\/product\/313","targetHints":{"allow":["GET"]}}],"collection":[{"href":"https:\/\/ibt-shop.com\/index.php\/wp-json\/wp\/v2\/product"}],"about":[{"href":"https:\/\/ibt-shop.com\/index.php\/wp-json\/wp\/v2\/types\/product"}],"replies":[{"embeddable":true,"href":"https:\/\/ibt-shop.com\/index.php\/wp-json\/wp\/v2\/comments?post=313"}],"wp:featuredmedia":[{"embeddable":true,"href":"https:\/\/ibt-shop.com\/index.php\/wp-json\/wp\/v2\/media\/316"}],"wp:attachment":[{"href":"https:\/\/ibt-shop.com\/index.php\/wp-json\/wp\/v2\/media?parent=313"}],"wp:term":[{"taxonomy":"product_brand","embeddable":true,"href":"https:\/\/ibt-shop.com\/index.php\/wp-json\/wp\/v2\/product_brand?post=313"},{"taxonomy":"product_cat","embeddable":true,"href":"https:\/\/ibt-shop.com\/index.php\/wp-json\/wp\/v2\/product_cat?post=313"},{"taxonomy":"product_tag","embeddable":true,"href":"https:\/\/ibt-shop.com\/index.php\/wp-json\/wp\/v2\/product_tag?post=313"}],"curies":[{"name":"wp","href":"https:\/\/api.w.org\/{rel}","templated":true}]}}