{"id":247,"date":"2024-07-25T13:06:41","date_gmt":"2024-07-25T13:06:41","guid":{"rendered":"https:\/\/ibt-shop.com\/?post_type=product&#038;p=247"},"modified":"2024-07-25T13:06:42","modified_gmt":"2024-07-25T13:06:42","slug":"bestway-masque-de-plongee-hydro-swim-22048","status":"publish","type":"product","link":"https:\/\/ibt-shop.com\/index.php\/product\/bestway-masque-de-plongee-hydro-swim-22048\/","title":{"rendered":"Bestway Masque de plong\u00e9e Hydro Swim 22048"},"content":{"rendered":"<p>Lunettes de plong\u00e9e pour enfants de 3 \u00e0 6 ans<\/p>\n<p><img fetchpriority=\"high\" decoding=\"async\" class=\"alignnone size-medium wp-image-253\" src=\"https:\/\/ibt-shop.com\/wp-content\/uploads\/2024\/07\/01_186-300x300.jpg\" alt=\"\" width=\"300\" height=\"300\" srcset=\"https:\/\/ibt-shop.com\/wp-content\/uploads\/2024\/07\/01_186-300x300.jpg 300w, https:\/\/ibt-shop.com\/wp-content\/uploads\/2024\/07\/01_186-150x150.jpg 150w, https:\/\/ibt-shop.com\/wp-content\/uploads\/2024\/07\/01_186-520x520.jpg 520w, https:\/\/ibt-shop.com\/wp-content\/uploads\/2024\/07\/01_186-90x90.jpg 90w, https:\/\/ibt-shop.com\/wp-content\/uploads\/2024\/07\/01_186-100x100.jpg 100w, https:\/\/ibt-shop.com\/wp-content\/uploads\/2024\/07\/01_186-160x160.jpg 160w, https:\/\/ibt-shop.com\/wp-content\/uploads\/2024\/07\/01_186.jpg 599w\" sizes=\"(max-width: 300px) 100vw, 300px\" \/><\/p>\n","protected":false},"excerpt":{"rendered":"<p>Lunettes de plong\u00e9e pour enfants de 3 \u00e0 6 ans<\/p>\n","protected":false},"featured_media":251,"comment_status":"open","ping_status":"closed","template":"","meta":[],"product_brand":[],"product_cat":[],"product_tag":[],"class_list":{"0":"post-247","1":"product","2":"type-product","3":"status-publish","4":"has-post-thumbnail","7":"first","8":"instock","9":"sale","10":"shipping-taxable","11":"purchasable","12":"product-type-simple"},"_links":{"self":[{"href":"https:\/\/ibt-shop.com\/index.php\/wp-json\/wp\/v2\/product\/247","targetHints":{"allow":["GET"]}}],"collection":[{"href":"https:\/\/ibt-shop.com\/index.php\/wp-json\/wp\/v2\/product"}],"about":[{"href":"https:\/\/ibt-shop.com\/index.php\/wp-json\/wp\/v2\/types\/product"}],"replies":[{"embeddable":true,"href":"https:\/\/ibt-shop.com\/index.php\/wp-json\/wp\/v2\/comments?post=247"}],"wp:featuredmedia":[{"embeddable":true,"href":"https:\/\/ibt-shop.com\/index.php\/wp-json\/wp\/v2\/media\/251"}],"wp:attachment":[{"href":"https:\/\/ibt-shop.com\/index.php\/wp-json\/wp\/v2\/media?parent=247"}],"wp:term":[{"taxonomy":"product_brand","embeddable":true,"href":"https:\/\/ibt-shop.com\/index.php\/wp-json\/wp\/v2\/product_brand?post=247"},{"taxonomy":"product_cat","embeddable":true,"href":"https:\/\/ibt-shop.com\/index.php\/wp-json\/wp\/v2\/product_cat?post=247"},{"taxonomy":"product_tag","embeddable":true,"href":"https:\/\/ibt-shop.com\/index.php\/wp-json\/wp\/v2\/product_tag?post=247"}],"curies":[{"name":"wp","href":"https:\/\/api.w.org\/{rel}","templated":true}]}}