{"id":237,"date":"2024-07-25T12:31:51","date_gmt":"2024-07-25T12:31:51","guid":{"rendered":"https:\/\/ibt-shop.com\/?post_type=product&#038;p=237"},"modified":"2025-06-28T14:37:25","modified_gmt":"2025-06-28T14:37:25","slug":"bateau-gonflable-baleine-pour-enfants-bestway-34120","status":"publish","type":"product","link":"https:\/\/ibt-shop.com\/index.php\/product\/bateau-gonflable-baleine-pour-enfants-bestway-34120\/","title":{"rendered":"Bateau Gonflable \u201cBaleine\u201d Pour Enfants Bestway 34120"},"content":{"rendered":"<ul>\n<li>118X89CM<\/li>\n<li>Fabriqu\u00e9 en vinyle tr\u00e8s r\u00e9sistant.<\/li>\n<li><\/li>\n<li>Conception de baleine ronde confortable et mignonne<\/li>\n<li>\u00c9quip\u00e9 d\u2019une soupape de s\u00e9curit\u00e9.<\/li>\n<li>Avec patch de r\u00e9paration.<\/li>\n<li>Facile \u00e0 gonfler et \u00e0 d\u00e9gonfler.<\/li>\n<\/ul>\n","protected":false},"excerpt":{"rendered":"<p>118X89CM Fabriqu\u00e9 en vinyle tr\u00e8s r\u00e9sistant. Conception de baleine ronde confortable et mignonne \u00c9quip\u00e9 d\u2019une soupape de s\u00e9curit\u00e9. Avec patch de r\u00e9paration. Facile \u00e0 gonfler et \u00e0 d\u00e9gonfler.<\/p>\n","protected":false},"featured_media":241,"comment_status":"open","ping_status":"closed","template":"","meta":[],"product_brand":[],"product_cat":[],"product_tag":[],"class_list":{"0":"post-237","1":"product","2":"type-product","3":"status-publish","4":"has-post-thumbnail","7":"first","8":"instock","9":"sale","10":"shipping-taxable","11":"purchasable","12":"product-type-simple"},"_links":{"self":[{"href":"https:\/\/ibt-shop.com\/index.php\/wp-json\/wp\/v2\/product\/237","targetHints":{"allow":["GET"]}}],"collection":[{"href":"https:\/\/ibt-shop.com\/index.php\/wp-json\/wp\/v2\/product"}],"about":[{"href":"https:\/\/ibt-shop.com\/index.php\/wp-json\/wp\/v2\/types\/product"}],"replies":[{"embeddable":true,"href":"https:\/\/ibt-shop.com\/index.php\/wp-json\/wp\/v2\/comments?post=237"}],"wp:featuredmedia":[{"embeddable":true,"href":"https:\/\/ibt-shop.com\/index.php\/wp-json\/wp\/v2\/media\/241"}],"wp:attachment":[{"href":"https:\/\/ibt-shop.com\/index.php\/wp-json\/wp\/v2\/media?parent=237"}],"wp:term":[{"taxonomy":"product_brand","embeddable":true,"href":"https:\/\/ibt-shop.com\/index.php\/wp-json\/wp\/v2\/product_brand?post=237"},{"taxonomy":"product_cat","embeddable":true,"href":"https:\/\/ibt-shop.com\/index.php\/wp-json\/wp\/v2\/product_cat?post=237"},{"taxonomy":"product_tag","embeddable":true,"href":"https:\/\/ibt-shop.com\/index.php\/wp-json\/wp\/v2\/product_tag?post=237"}],"curies":[{"name":"wp","href":"https:\/\/api.w.org\/{rel}","templated":true}]}}