{"id":227,"date":"2024-07-25T10:57:28","date_gmt":"2024-07-25T10:57:28","guid":{"rendered":"https:\/\/ibt-shop.com\/?post_type=product&#038;p=227"},"modified":"2025-06-28T11:52:38","modified_gmt":"2025-06-28T11:52:38","slug":"partagez-ce-produit-bestway-bouee-geante-gonflable-pegase-159-cm-x-109-cm-bestway-41121","status":"publish","type":"product","link":"https:\/\/ibt-shop.com\/index.php\/product\/partagez-ce-produit-bestway-bouee-geante-gonflable-pegase-159-cm-x-109-cm-bestway-41121\/","title":{"rendered":"PARTAGEZ CE PRODUIT   Bestway Bou\u00e9e G\u00e9ante Gonflable P\u00e9gase \u2013 159 cm x 109 cm \u2013 Bestway \u2013 41121"},"content":{"rendered":"<ul>\n<li>Design \u00e9l\u00e9gant en forme de p\u00e9gase<\/li>\n<li>Tranche d\u2019\u00e2ge : 3+.<\/li>\n<li>Mat\u00e9riau : vinyle de haute qualit\u00e9.<\/li>\n<li>\u00c9paisseur du mat\u00e9riau : 0,22.<\/li>\n<li>Technologie\u00a0: I-beam \u2013 un syst\u00e8me de support interne, rend le produit plus l\u00e9ger, mobile et assez fiable.<\/li>\n<li>Charge maximale : 70 kg.<\/li>\n<li>Dimensions : 159 x 109 cm.<\/li>\n<li>Hauteur r\u00e9elle : \u2248 90 cm.<\/li>\n<li>Nombre de places : 1 personne.<\/li>\n<li>Fabriqu\u00e9e en silicone r\u00e9sistant<\/li>\n<li>Poign\u00e9es suppl\u00e9mentaires pour plus de s\u00e9curit\u00e9<\/li>\n<\/ul>\n","protected":false},"excerpt":{"rendered":"<ul class=\"-pvs -mvxs -phm -lsn\">\n<li class=\"-pvxs\"><span class=\"-b\">Mod\u00e8le<\/span>: 41121<\/li>\n<li class=\"-pvxs\"><span class=\"-b\">Poids (kg)<\/span>: 1<\/li>\n<li class=\"-pvxs\"><span class=\"-b\">\u00a0\/ Couleur<\/span>: Blanc GOLD<\/li>\n<\/ul>\n","protected":false},"featured_media":231,"comment_status":"open","ping_status":"closed","template":"","meta":[],"product_brand":[],"product_cat":[21],"product_tag":[],"class_list":{"0":"post-227","1":"product","2":"type-product","3":"status-publish","4":"has-post-thumbnail","6":"product_cat-kidtoys","8":"first","9":"instock","10":"sale","11":"shipping-taxable","12":"purchasable","13":"product-type-simple"},"_links":{"self":[{"href":"https:\/\/ibt-shop.com\/index.php\/wp-json\/wp\/v2\/product\/227","targetHints":{"allow":["GET"]}}],"collection":[{"href":"https:\/\/ibt-shop.com\/index.php\/wp-json\/wp\/v2\/product"}],"about":[{"href":"https:\/\/ibt-shop.com\/index.php\/wp-json\/wp\/v2\/types\/product"}],"replies":[{"embeddable":true,"href":"https:\/\/ibt-shop.com\/index.php\/wp-json\/wp\/v2\/comments?post=227"}],"wp:featuredmedia":[{"embeddable":true,"href":"https:\/\/ibt-shop.com\/index.php\/wp-json\/wp\/v2\/media\/231"}],"wp:attachment":[{"href":"https:\/\/ibt-shop.com\/index.php\/wp-json\/wp\/v2\/media?parent=227"}],"wp:term":[{"taxonomy":"product_brand","embeddable":true,"href":"https:\/\/ibt-shop.com\/index.php\/wp-json\/wp\/v2\/product_brand?post=227"},{"taxonomy":"product_cat","embeddable":true,"href":"https:\/\/ibt-shop.com\/index.php\/wp-json\/wp\/v2\/product_cat?post=227"},{"taxonomy":"product_tag","embeddable":true,"href":"https:\/\/ibt-shop.com\/index.php\/wp-json\/wp\/v2\/product_tag?post=227"}],"curies":[{"name":"wp","href":"https:\/\/api.w.org\/{rel}","templated":true}]}}