{"id":216,"date":"2024-07-25T10:43:04","date_gmt":"2024-07-25T10:43:04","guid":{"rendered":"https:\/\/ibt-shop.com\/?post_type=product&#038;p=216"},"modified":"2025-06-28T11:51:37","modified_gmt":"2025-06-28T11:51:37","slug":"matelas-pneumatique-gonflable-de-plage-et-de-piscine-1-60x0-86m-bestway-43156","status":"publish","type":"product","link":"https:\/\/ibt-shop.com\/index.php\/product\/matelas-pneumatique-gonflable-de-plage-et-de-piscine-1-60x0-86m-bestway-43156\/","title":{"rendered":"Matelas Pneumatique Gonflable De Plage Et De Piscine 1.60\u00d70.86m Bestway 43156"},"content":{"rendered":"<ul>\n<li>Vous pouvez vous d\u00e9tendre, dormir, bronzer et d\u00e9river, tout en restant immerg\u00e9 gr\u00e2ce au filet.<\/li>\n<li>Ne convient pas aux jeunes enfants, mais seulement aux enfants de plus de 14 ans et aux adultes.<\/li>\n<li>Avec soupapes de s\u00e9curit\u00e9.<\/li>\n<li>Vinyle robuste (test\u00e9 0,22 mm).<\/li>\n<li>3 chambres \u00e0 air.<\/li>\n<li>Appui-t\u00eate confortable.<\/li>\n<\/ul>\n","protected":false},"excerpt":{"rendered":"<h3><strong>Caract\u00e9ristiques techniques\u202f:<\/strong><\/h3>\n<div class=\"product-specs-list\">\n<div class=\"product-specs-list\">\n<div class=\"product-specs-list\">\n<div class=\"product-specs-list\">\n<table class=\"font-2\" width=\"719\">\n<tbody>\n<tr class=\"odd\">\n<th scope=\"row\">TYPE<\/th>\n<td class=\"font-2-b\">Matelas Pneumatique Gonflable<\/td>\n<\/tr>\n<tr>\n<th scope=\"row\">MARQUE<\/th>\n<td class=\"font-2-b\">Bestway<\/td>\n<\/tr>\n<tr class=\"odd\">\n<th scope=\"row\">R\u00c9F\u00c9RENCE<\/th>\n<td class=\"font-2-b\">43156<\/td>\n<\/tr>\n<tr>\n<th scope=\"row\">COULEUR<\/th>\n<td class=\"font-2-b\">Blue , Blanc ROSE<\/td>\n<\/tr>\n<tr class=\"odd\">\n<th scope=\"row\">DIMENTIONS<\/th>\n<td class=\"font-2-b\">1.60\u00d70.86m<\/td>\n<\/tr>\n<tr>\n<th scope=\"row\">MATERIAL<\/th>\n<td class=\"font-2-b\">vinyl<\/td>\n<\/tr>\n<\/tbody>\n<\/table>\n<p>&nbsp;<\/p>\n<\/div>\n<\/div>\n<\/div>\n<\/div>\n","protected":false},"featured_media":220,"comment_status":"open","ping_status":"closed","template":"","meta":[],"product_brand":[],"product_cat":[],"product_tag":[],"class_list":{"0":"post-216","1":"product","2":"type-product","3":"status-publish","4":"has-post-thumbnail","7":"first","8":"instock","9":"sale","10":"shipping-taxable","11":"purchasable","12":"product-type-simple"},"_links":{"self":[{"href":"https:\/\/ibt-shop.com\/index.php\/wp-json\/wp\/v2\/product\/216","targetHints":{"allow":["GET"]}}],"collection":[{"href":"https:\/\/ibt-shop.com\/index.php\/wp-json\/wp\/v2\/product"}],"about":[{"href":"https:\/\/ibt-shop.com\/index.php\/wp-json\/wp\/v2\/types\/product"}],"replies":[{"embeddable":true,"href":"https:\/\/ibt-shop.com\/index.php\/wp-json\/wp\/v2\/comments?post=216"}],"wp:featuredmedia":[{"embeddable":true,"href":"https:\/\/ibt-shop.com\/index.php\/wp-json\/wp\/v2\/media\/220"}],"wp:attachment":[{"href":"https:\/\/ibt-shop.com\/index.php\/wp-json\/wp\/v2\/media?parent=216"}],"wp:term":[{"taxonomy":"product_brand","embeddable":true,"href":"https:\/\/ibt-shop.com\/index.php\/wp-json\/wp\/v2\/product_brand?post=216"},{"taxonomy":"product_cat","embeddable":true,"href":"https:\/\/ibt-shop.com\/index.php\/wp-json\/wp\/v2\/product_cat?post=216"},{"taxonomy":"product_tag","embeddable":true,"href":"https:\/\/ibt-shop.com\/index.php\/wp-json\/wp\/v2\/product_tag?post=216"}],"curies":[{"name":"wp","href":"https:\/\/api.w.org\/{rel}","templated":true}]}}