{"id":1892,"date":"2025-06-18T15:29:04","date_gmt":"2025-06-18T15:29:04","guid":{"rendered":"https:\/\/ibt-shop.com\/?post_type=product&#038;p=1892"},"modified":"2025-06-18T15:29:04","modified_gmt":"2025-06-18T15:29:04","slug":"bouee-gonflable-diametre-119-cm","status":"publish","type":"product","link":"https:\/\/ibt-shop.com\/index.php\/product\/bouee-gonflable-diametre-119-cm\/","title":{"rendered":"Bou\u00e9e Gonflable Diam\u00e8tre 119 Cm"},"content":{"rendered":"<p>L&rsquo;amusement est assur\u00e9 pour l&rsquo;\u00e9t\u00e9, avec ces propositions qui plairont aux petits et aux grands ! Achetez Roue gonflable Bestway Bleu \u00d8 119 cm et profitez de votre temps libre !<\/p>\n<p>diam\u00e8tre approx.: \u00d8 119 cm<br \/>\nCouleur:<br \/>\nBleu<br \/>\nNoir\/Bleu<br \/>\nMat\u00e9riel:<br \/>\nPlastique<br \/>\nPVC<br \/>\nLargeur: 106 cm<br \/>\nCaract\u00e9ristiques: Nettoyage par chiffon humide<br \/>\nUtilisation recommand\u00e9e:<br \/>\nPlage<br \/>\nExt\u00e9rieur<br \/>\nJardin<br \/>\nCamping<br \/>\nGenre: Unisexe<br \/>\nPoids Max. support\u00e9: 100 kg<br \/>\nCompartiments: 1 Compartiment<\/p>\n","protected":false},"excerpt":{"rendered":"<h2 style=\"text-align: center;\"><strong>\u0623\u0637\u0644\u0628\u0647\u0627 \u0627\u0644\u0627\u0646 \u0648\u0627\u0633\u062a\u0641\u062f \u0645\u0646 \u062a\u0648\u0635\u064a\u0644 \u0645\u062c\u0627\u0646\u064a \u0623\u064a\u0646\u0645\u0627 \u0643\u0646\u062a<\/strong><\/h2>\n","protected":false},"featured_media":1894,"comment_status":"open","ping_status":"closed","template":"","meta":[],"product_brand":[],"product_cat":[25],"product_tag":[],"class_list":{"0":"post-1892","1":"product","2":"type-product","3":"status-publish","4":"has-post-thumbnail","6":"product_cat-25","8":"first","9":"instock","10":"sale","11":"shipping-taxable","12":"purchasable","13":"product-type-simple"},"_links":{"self":[{"href":"https:\/\/ibt-shop.com\/index.php\/wp-json\/wp\/v2\/product\/1892","targetHints":{"allow":["GET"]}}],"collection":[{"href":"https:\/\/ibt-shop.com\/index.php\/wp-json\/wp\/v2\/product"}],"about":[{"href":"https:\/\/ibt-shop.com\/index.php\/wp-json\/wp\/v2\/types\/product"}],"replies":[{"embeddable":true,"href":"https:\/\/ibt-shop.com\/index.php\/wp-json\/wp\/v2\/comments?post=1892"}],"wp:featuredmedia":[{"embeddable":true,"href":"https:\/\/ibt-shop.com\/index.php\/wp-json\/wp\/v2\/media\/1894"}],"wp:attachment":[{"href":"https:\/\/ibt-shop.com\/index.php\/wp-json\/wp\/v2\/media?parent=1892"}],"wp:term":[{"taxonomy":"product_brand","embeddable":true,"href":"https:\/\/ibt-shop.com\/index.php\/wp-json\/wp\/v2\/product_brand?post=1892"},{"taxonomy":"product_cat","embeddable":true,"href":"https:\/\/ibt-shop.com\/index.php\/wp-json\/wp\/v2\/product_cat?post=1892"},{"taxonomy":"product_tag","embeddable":true,"href":"https:\/\/ibt-shop.com\/index.php\/wp-json\/wp\/v2\/product_tag?post=1892"}],"curies":[{"name":"wp","href":"https:\/\/api.w.org\/{rel}","templated":true}]}}