{"id":183,"date":"2024-07-22T13:55:10","date_gmt":"2024-07-22T13:55:10","guid":{"rendered":"https:\/\/ibt-shop.com\/?post_type=product&#038;p=183"},"modified":"2026-03-15T00:11:54","modified_gmt":"2026-03-15T00:11:54","slug":"porte-fruits-en-forme-de-pomme-pliable-en-bambou","status":"publish","type":"product","link":"https:\/\/ibt-shop.com\/index.php\/product\/porte-fruits-en-forme-de-pomme-pliable-en-bambou\/","title":{"rendered":"Porte-Fruits En Forme De Pomme Pliable En Bambou"},"content":{"rendered":"<p style=\"text-align: right;\" data-start=\"139\" data-end=\"303\">\u00a9\u0623\u0636\u0641 \u0644\u0645\u0633\u0629 \u0623\u0646\u0627\u0642\u0629 \u0635\u062f\u064a\u0642\u0629 \u0644\u0644\u0628\u064a\u0626\u0629 \u0625\u0644\u0649 \u0645\u0637\u0628\u062e\u0643 \u0645\u0639 \u0648\u0639\u0627\u0621 \u0627\u0644\u0641\u0648\u0627\u0643\u0647 \u0627\u0644\u0642\u0627\u0628\u0644 \u0644\u0644\u0637\u064a \u0627\u0644\u0645\u0635\u0646\u0648\u0639 \u0645\u0646 <strong data-start=\"216\" data-end=\"236\">\u0627\u0644\u062e\u064a\u0632\u0631\u0627\u0646 \u0627\u0644\u0637\u0628\u064a\u0639\u064a<\/strong>. \u062a\u0635\u0645\u064a\u0645 \u0645\u0628\u062a\u0643\u0631 \u0639\u0644\u0649 \u0634\u0643\u0644 \u062a\u0641\u0627\u062d\u0629 \u064a\u062c\u0645\u0639 \u0628\u064a\u0646 \u0627\u0644\u0630\u0648\u0642 \u0627\u0644\u0639\u0635\u0631\u064a \u0648\u0627\u0644\u0639\u0645\u0644\u064a\u0629 \u0627\u0644\u064a\u0648\u0645\u064a\u0629.<\/p>\n<p style=\"text-align: right;\" data-start=\"305\" data-end=\"320\">\u2728 <strong data-start=\"307\" data-end=\"320\">\u0627\u0644\u0645\u0645\u064a\u0632\u0627\u062a:<\/strong><\/p>\n<ul data-start=\"321\" data-end=\"520\">\n<li style=\"text-align: right;\" data-start=\"321\" data-end=\"359\">\n<p data-start=\"323\" data-end=\"359\">\u0645\u0635\u0646\u0648\u0639 \u0645\u0646 \u062e\u064a\u0632\u0631\u0627\u0646 \u0637\u0628\u064a\u0639\u064a \u0648\u0635\u062f\u064a\u0642 \u0644\u0644\u0628\u064a\u0626\u0629<\/p>\n<\/li>\n<li style=\"text-align: right;\" data-start=\"360\" data-end=\"401\">\n<p data-start=\"362\" data-end=\"401\">\u062a\u0635\u0645\u064a\u0645 \u0623\u0646\u064a\u0642 \u0639\u0644\u0649 \u0634\u0643\u0644 \u062a\u0641\u0627\u062d\u0629 \u064a\u0644\u0641\u062a \u0627\u0644\u0623\u0646\u0638\u0627\u0631<\/p>\n<\/li>\n<li style=\"text-align: right;\" data-start=\"402\" data-end=\"448\">\n<p data-start=\"404\" data-end=\"448\">\u0642\u0627\u0628\u0644 \u0644\u0644\u0637\u064a \u0644\u062a\u0648\u0641\u064a\u0631 \u0627\u0644\u0645\u0633\u0627\u062d\u0629 \u0639\u0646\u062f \u0639\u062f\u0645 \u0627\u0644\u0627\u0633\u062a\u062e\u062f\u0627\u0645<\/p>\n<\/li>\n<li style=\"text-align: right;\" data-start=\"449\" data-end=\"494\">\n<p data-start=\"451\" data-end=\"494\">\u0645\u062b\u0627\u0644\u064a \u0644\u062d\u0641\u0638 \u0627\u0644\u0641\u0648\u0627\u0643\u0647 \u0648\u0627\u0644\u062e\u0636\u0631\u0648\u0627\u062a \u0628\u0637\u0631\u064a\u0642\u0629 \u0645\u0646\u0638\u0645\u0629<\/p>\n<\/li>\n<li data-start=\"495\" data-end=\"520\">\n<p style=\"text-align: right;\" data-start=\"497\" data-end=\"520\">\u062e\u0641\u064a\u0641 \u0627\u0644\u0648\u0632\u0646 \u0648\u0633\u0647\u0644 \u0627\u0644\u062a\u0646\u0638\u064a\u0641<\/p>\n<\/li>\n<\/ul>\n<ul>\n<li>Mat\u00e9riau de Haute Qualit\u00e9 : Fabriqu\u00e9 en bambou de haute qualit\u00e9, un mat\u00e9riau r\u00e9sistant et respectueux de l\u2019environnement.<\/li>\n<li>Design Astucieux : Forme attrayante en pomme ajoutant une touche ludique et originale \u00e0 votre cuisine.<\/li>\n<li>Polyvalent et Pliable : Peut \u00eatre suspendu ou pos\u00e9 gr\u00e2ce \u00e0 un pied stable, et son mat\u00e9riau pliable en bambou permet une adaptation facile \u00e0 vos besoins d\u2019espace.<\/li>\n<li>Usage Pratique : Les formes en spirales du design offrent une fonctionnalit\u00e9 originale, et une fois repli\u00e9e, peut servir de planche \u00e0 d\u00e9couper ou de dessous de plat.<\/li>\n<li>Dimensions Id\u00e9ales : Offrant amplement d\u2019espace pour vos fruits, l\u00e9gumes, petits pains ou autres articles.<\/li>\n<\/ul>\n","protected":false},"excerpt":{"rendered":"<p><img fetchpriority=\"high\" decoding=\"async\" class=\"alignnone size-medium wp-image-3853\" src=\"https:\/\/ibt-shop.com\/wp-content\/uploads\/2024\/07\/photo_5787578864019115116_y-169x300.jpg\" alt=\"\" width=\"169\" height=\"300\" srcset=\"https:\/\/ibt-shop.com\/wp-content\/uploads\/2024\/07\/photo_5787578864019115116_y-169x300.jpg 169w, https:\/\/ibt-shop.com\/wp-content\/uploads\/2024\/07\/photo_5787578864019115116_y-576x1024.jpg 576w, https:\/\/ibt-shop.com\/wp-content\/uploads\/2024\/07\/photo_5787578864019115116_y-690x1227.jpg 690w, https:\/\/ibt-shop.com\/wp-content\/uploads\/2024\/07\/photo_5787578864019115116_y.jpg 720w\" sizes=\"(max-width: 169px) 100vw, 169px\" \/><\/p>\n[video width=\"720\" height=\"720\" mp4=\"https:\/\/ibt-shop.com\/wp-content\/uploads\/2024\/07\/video5778641629321633407.mp4\"][\/video]\n","protected":false},"featured_media":188,"comment_status":"open","ping_status":"closed","template":"","meta":[],"product_brand":[],"product_cat":[20],"product_tag":[],"class_list":{"0":"post-183","1":"product","2":"type-product","3":"status-publish","4":"has-post-thumbnail","6":"product_cat-kitchen","8":"first","9":"instock","10":"sale","11":"shipping-taxable","12":"purchasable","13":"product-type-simple"},"_links":{"self":[{"href":"https:\/\/ibt-shop.com\/index.php\/wp-json\/wp\/v2\/product\/183","targetHints":{"allow":["GET"]}}],"collection":[{"href":"https:\/\/ibt-shop.com\/index.php\/wp-json\/wp\/v2\/product"}],"about":[{"href":"https:\/\/ibt-shop.com\/index.php\/wp-json\/wp\/v2\/types\/product"}],"replies":[{"embeddable":true,"href":"https:\/\/ibt-shop.com\/index.php\/wp-json\/wp\/v2\/comments?post=183"}],"wp:featuredmedia":[{"embeddable":true,"href":"https:\/\/ibt-shop.com\/index.php\/wp-json\/wp\/v2\/media\/188"}],"wp:attachment":[{"href":"https:\/\/ibt-shop.com\/index.php\/wp-json\/wp\/v2\/media?parent=183"}],"wp:term":[{"taxonomy":"product_brand","embeddable":true,"href":"https:\/\/ibt-shop.com\/index.php\/wp-json\/wp\/v2\/product_brand?post=183"},{"taxonomy":"product_cat","embeddable":true,"href":"https:\/\/ibt-shop.com\/index.php\/wp-json\/wp\/v2\/product_cat?post=183"},{"taxonomy":"product_tag","embeddable":true,"href":"https:\/\/ibt-shop.com\/index.php\/wp-json\/wp\/v2\/product_tag?post=183"}],"curies":[{"name":"wp","href":"https:\/\/api.w.org\/{rel}","templated":true}]}}