{"id":177,"date":"2024-07-22T13:05:30","date_gmt":"2024-07-22T13:05:30","guid":{"rendered":"https:\/\/ibt-shop.com\/?post_type=product&#038;p=177"},"modified":"2025-06-28T14:38:11","modified_gmt":"2025-06-28T14:38:11","slug":"baignoire-gonflable-carree-a-double-anneau-pour-bebe-86-x-86-x-25-cm-bestway-51116","status":"publish","type":"product","link":"https:\/\/ibt-shop.com\/index.php\/product\/baignoire-gonflable-carree-a-double-anneau-pour-bebe-86-x-86-x-25-cm-bestway-51116\/","title":{"rendered":"Baignoire Gonflable Carr\u00e9e \u00e0 Double Anneau Pour B\u00e9b\u00e9 86 x 86 x 25 cm Bestway 51116"},"content":{"rendered":"<ul>\n<li>Baignoire ergonomique se gonfle rapidement et se range sans encombrer l\u2019espace.<\/li>\n<li>Fabriqu\u00e9e en\u00a0 mat\u00e9riaux durables de haute qualit\u00e9.<\/li>\n<li>Facilement gonflable avec une pompe manuelle.<\/li>\n<li>Installation rapide id\u00e9ale en voyage ou en camping.<\/li>\n<li>Un int\u00e9rieur confortable pour que votre b\u00e9b\u00e9 puisse s\u2019asseoir.<\/li>\n<li>Dimensions : 86 x 86 x 25 cm.<\/li>\n<\/ul>\n","protected":false},"excerpt":{"rendered":"<p>Baignoire ergonomique se gonfle rapidement et se range sans encombrer l\u2019espace. Fabriqu\u00e9e en\u00a0 mat\u00e9riaux durables de haute qualit\u00e9. Facilement gonflable avec une pompe manuelle. Installation rapide id\u00e9ale en voyage ou en camping. Un int\u00e9rieur confortable pour que votre b\u00e9b\u00e9 puisse s\u2019asseoir. Dimensions : 86 x 86 x 25 cm.<\/p>\n","protected":false},"featured_media":181,"comment_status":"open","ping_status":"closed","template":"","meta":[],"product_brand":[],"product_cat":[21],"product_tag":[],"class_list":{"0":"post-177","1":"product","2":"type-product","3":"status-publish","4":"has-post-thumbnail","6":"product_cat-kidtoys","8":"first","9":"instock","10":"sale","11":"shipping-taxable","12":"purchasable","13":"product-type-simple"},"_links":{"self":[{"href":"https:\/\/ibt-shop.com\/index.php\/wp-json\/wp\/v2\/product\/177","targetHints":{"allow":["GET"]}}],"collection":[{"href":"https:\/\/ibt-shop.com\/index.php\/wp-json\/wp\/v2\/product"}],"about":[{"href":"https:\/\/ibt-shop.com\/index.php\/wp-json\/wp\/v2\/types\/product"}],"replies":[{"embeddable":true,"href":"https:\/\/ibt-shop.com\/index.php\/wp-json\/wp\/v2\/comments?post=177"}],"wp:featuredmedia":[{"embeddable":true,"href":"https:\/\/ibt-shop.com\/index.php\/wp-json\/wp\/v2\/media\/181"}],"wp:attachment":[{"href":"https:\/\/ibt-shop.com\/index.php\/wp-json\/wp\/v2\/media?parent=177"}],"wp:term":[{"taxonomy":"product_brand","embeddable":true,"href":"https:\/\/ibt-shop.com\/index.php\/wp-json\/wp\/v2\/product_brand?post=177"},{"taxonomy":"product_cat","embeddable":true,"href":"https:\/\/ibt-shop.com\/index.php\/wp-json\/wp\/v2\/product_cat?post=177"},{"taxonomy":"product_tag","embeddable":true,"href":"https:\/\/ibt-shop.com\/index.php\/wp-json\/wp\/v2\/product_tag?post=177"}],"curies":[{"name":"wp","href":"https:\/\/api.w.org\/{rel}","templated":true}]}}