{"id":171,"date":"2024-07-22T13:01:30","date_gmt":"2024-07-22T13:01:30","guid":{"rendered":"https:\/\/ibt-shop.com\/?post_type=product&#038;p=171"},"modified":"2026-03-22T22:23:56","modified_gmt":"2026-03-22T22:23:56","slug":"lampe-retro-et-humidificateur-dair-a-sans-fil-rechargeable","status":"publish","type":"product","link":"https:\/\/ibt-shop.com\/index.php\/product\/lampe-retro-et-humidificateur-dair-a-sans-fil-rechargeable\/","title":{"rendered":"lampe r\u00e9tro Et Humidificateur d\u2019air \u00e0 sans fil rechargeable"},"content":{"rendered":"<ul>\n<li>Capacit\u00e9 de la batterie: 1200mAh<\/li>\n<li>Courant de travail: 450mA<\/li>\n<li>Puissance nominale: 1.5W<\/li>\n<li>Volume de pulv\u00e9risation: 25-40 ml\/H<\/li>\n<li>Capacit\u00e9 du r\u00e9servoir d\u2019eau: 280ml<\/li>\n<li>Poids du produit: 200g<\/li>\n<li>Mat\u00e9riau: Composants ABS PET<\/li>\n<li>Taille du produit: 95*95*225mm<\/li>\n<li>Temp\u00e9rature de couleur: 2800mcd<\/li>\n<li>R\u00e9glage de la luminosit\u00e9: 1% ~ 100%<br \/>\n<strong>Sp\u00e9cifications:<\/strong><\/li>\n<li><strong>\u3010LUMI\u00c8RE DE CYCLISME COULEUR\u3011<\/strong>\u00a0Cet humidificateur \u00e0 brume froide a un r\u00e9glage de lumi\u00e8re de cyclisme aux couleurs vives, il est sous la forme d\u2019une lampe \u00e0 p\u00e9trole, et la lumi\u00e8re confortable est ajout\u00e9e pendant la pulv\u00e9risation, cr\u00e9er une ambiance paisible tout en d\u00e9livrant une brume apaisante. Le spray a deux vitesses, l\u2019humidification sans fil est plus pratique, il offre une relaxation maximale pour vous.<\/li>\n<li><strong>\u3010FONCTIONNEMENT ULTRASONIQUE SILENCIE\u3011<\/strong>\u00a0Les humidificateurs \u00e0 ultrasons produisent une fr\u00e9quence quasi silencieuse de 26dB assurant un fonctionnement ultra-silencieux. Cet humidificateur ne vous d\u00e9rangera pas pendant que vous dormez et travaillez. Il est caract\u00e9ris\u00e9 par des particules d\u2019eau de niveau, qui p\u00e9n\u00e8trent dans la peau directement \u00e0 la couche basale, hydratent la peau d\u00e9shydrat\u00e9e et am\u00e9liorent la peau s\u00e8che et qui p\u00e8le.<\/li>\n<li><strong>\u3010COMMANDE \u00c0 UN BOUTON\u3011<\/strong>\u00a0L\u2019humidificateur USB portable est tr\u00e8s facile \u00e0 utiliser. Un bouton contr\u00f4le toutes les fonctions, il vous suffit d\u2019appuyer sur le bouton d\u2019alimentation toutes les 1 seconde pour contr\u00f4ler la brume. Continuez \u00e0 appuyer sur le bouton d\u2019alimentation pendant 1.5 secondes pour activer la fonction de lumi\u00e8re color\u00e9e.<\/li>\n<li><strong>\u3010MINI HUMIDIFICATEUR PORTABLE ET ALIMENTATION USB \u3011<\/strong>Le design portable et petit est tr\u00e8s facile \u00e0 emporter partout. L\u2019alimentation USB compatible avec tout port USB de l\u2019appareil, ce qui garantit qu\u2019il peut \u00eatre utilis\u00e9 dans la chambre, le bureau, la voiture.<\/li>\n<li><strong>\u3010DEUX MODES DE SPRAY\u3011<\/strong>\u00a0Cet humidificateur a deux modes de brouillard, en mode continu, il s\u2019\u00e9teint automatiquement apr\u00e8s 6 heures; en mode intermittent, il s\u2019\u00e9teint automatiquement apr\u00e8s 8 heures. Il s\u2019\u00e9teint lorsque le niveau d\u2019eau est bas. Ainsi, vous n\u2019avez pas \u00e0 vous soucier que l\u2019humidificateur soit endommag\u00e9 en l\u2019absence d\u2019eau. Vous pouvez l\u2019utiliser la nuit sans vous soucier de la s\u00e9curit\u00e9.<\/li>\n<\/ul>\n<p><strong>Le paquet comprend:<\/strong><\/p>\n<div style=\"width: 360px;\" class=\"wp-video\"><!--[if lt IE 9]><script>document.createElement('video');<\/script><![endif]-->\n<video class=\"wp-video-shortcode\" id=\"video-171-1\" width=\"360\" height=\"640\" preload=\"metadata\" controls=\"controls\"><source type=\"video\/mp4\" src=\"https:\/\/ibt-shop.com\/wp-content\/uploads\/2024\/07\/Retro_Lamp_Air_Humidifier_Wireless_Diffuser_USB_Rechargeable_With.mp4?_=1\" \/><a href=\"https:\/\/ibt-shop.com\/wp-content\/uploads\/2024\/07\/Retro_Lamp_Air_Humidifier_Wireless_Diffuser_USB_Rechargeable_With.mp4\">https:\/\/ibt-shop.com\/wp-content\/uploads\/2024\/07\/Retro_Lamp_Air_Humidifier_Wireless_Diffuser_USB_Rechargeable_With.mp4<\/a><\/video><\/div>\n<ul>\n<li>Humidificateur * 1<\/li>\n<li>Humidificateur Coton * 2<\/li>\n<li>C\u00e2ble USB * 1<\/li>\n<li>Manuel * 1<\/li>\n<\/ul>\n","protected":false},"excerpt":{"rendered":"<p>Capacit\u00e9 de la batterie: 1200mAh Courant de travail: 450mA Puissance nominale: 1.5W Volume de pulv\u00e9risation: 25-40 ml\/H Capacit\u00e9 du r\u00e9servoir d\u2019eau: 280ml Poids du produit: 200g Mat\u00e9riau: Composants ABS PET Taille du produit: 95*95*225mm Temp\u00e9rature de couleur: 2800mcd R\u00e9glage de la luminosit\u00e9: 1% ~ 100% Sp\u00e9cifications: \u3010LUMI\u00c8RE DE CYCLISME COULEUR\u3011\u00a0Cet humidificateur \u00e0 brume froide a [&hellip;]<\/p>\n","protected":false},"featured_media":480,"comment_status":"open","ping_status":"closed","template":"","meta":[],"product_brand":[],"product_cat":[19],"product_tag":[],"class_list":{"0":"post-171","1":"product","2":"type-product","3":"status-publish","4":"has-post-thumbnail","6":"product_cat-tech","8":"first","9":"instock","10":"sale","11":"shipping-taxable","12":"purchasable","13":"product-type-simple"},"_links":{"self":[{"href":"https:\/\/ibt-shop.com\/index.php\/wp-json\/wp\/v2\/product\/171","targetHints":{"allow":["GET"]}}],"collection":[{"href":"https:\/\/ibt-shop.com\/index.php\/wp-json\/wp\/v2\/product"}],"about":[{"href":"https:\/\/ibt-shop.com\/index.php\/wp-json\/wp\/v2\/types\/product"}],"replies":[{"embeddable":true,"href":"https:\/\/ibt-shop.com\/index.php\/wp-json\/wp\/v2\/comments?post=171"}],"wp:featuredmedia":[{"embeddable":true,"href":"https:\/\/ibt-shop.com\/index.php\/wp-json\/wp\/v2\/media\/480"}],"wp:attachment":[{"href":"https:\/\/ibt-shop.com\/index.php\/wp-json\/wp\/v2\/media?parent=171"}],"wp:term":[{"taxonomy":"product_brand","embeddable":true,"href":"https:\/\/ibt-shop.com\/index.php\/wp-json\/wp\/v2\/product_brand?post=171"},{"taxonomy":"product_cat","embeddable":true,"href":"https:\/\/ibt-shop.com\/index.php\/wp-json\/wp\/v2\/product_cat?post=171"},{"taxonomy":"product_tag","embeddable":true,"href":"https:\/\/ibt-shop.com\/index.php\/wp-json\/wp\/v2\/product_tag?post=171"}],"curies":[{"name":"wp","href":"https:\/\/api.w.org\/{rel}","templated":true}]}}