{"id":10914,"date":"2026-05-09T23:40:00","date_gmt":"2026-05-09T23:40:00","guid":{"rendered":"https:\/\/ibt-shop.com\/?post_type=product&#038;p=10914"},"modified":"2026-05-15T15:49:37","modified_gmt":"2026-05-15T15:49:37","slug":"lunette-celine-paris","status":"publish","type":"product","link":"https:\/\/ibt-shop.com\/index.php\/product\/lunette-celine-paris\/","title":{"rendered":"LUNETTE CELINE PARIS"},"content":{"rendered":"<h2 style=\"text-align: center;\"><span style=\"color: #ff0000;\">\u00a0\u062f\u064a\u0631 \u0637\u0644\u0628\u064a\u0629 \u062f\u064a\u0627\u0644\u0643 \u0646\u062a\u0635\u0644\u0648 \u0628\u064a\u0643 \u0646\u0623\u0643\u062f\u0648 \u0645\u0639\u0627\u0643 \u0627\u0644\u0644\u0648\u0646 \u0648 \u0627\u0644\u0643\u0645\u064a\u0629<\/span><\/h2>\n<div class=\"flex flex-col text-sm\">\n<section class=\"text-token-text-primary w-full focus:outline-none [--shadow-height:45px] has-data-writing-block:pointer-events-none has-data-writing-block:-mt-(--shadow-height) has-data-writing-block:pt-(--shadow-height) [&amp;:has([data-writing-block])&gt;*]:pointer-events-auto scroll-mt-(--header-height)\" dir=\"auto\" data-turn-id=\"1182cbb9-3e1c-47e6-a6ce-b1e48c4a703f\" data-testid=\"conversation-turn-5\" data-scroll-anchor=\"false\" data-turn=\"user\"><\/section>\n<section class=\"text-token-text-primary w-full focus:outline-none [--shadow-height:45px] has-data-writing-block:pointer-events-none has-data-writing-block:-mt-(--shadow-height) has-data-writing-block:pt-(--shadow-height) [&amp;:has([data-writing-block])&gt;*]:pointer-events-auto scroll-mt-[calc(var(--header-height)+min(200px,max(70px,20svh)))]\" dir=\"auto\" data-turn-id=\"request-WEB:9adb6fbd-ac1f-43e2-953f-9c267131c5a6-2\" data-testid=\"conversation-turn-6\" data-scroll-anchor=\"true\" data-turn=\"assistant\">\n<div class=\"text-base my-auto mx-auto pb-10 [--thread-content-margin:var(--thread-content-margin-xs,calc(var(--spacing)*4))] @w-sm\/main:[--thread-content-margin:var(--thread-content-margin-sm,calc(var(--spacing)*6))] @w-lg\/main:[--thread-content-margin:var(--thread-content-margin-lg,calc(var(--spacing)*16))] px-(--thread-content-margin)\">\n<div class=\"[--thread-content-max-width:40rem] @w-lg\/main:[--thread-content-max-width:48rem] mx-auto max-w-(--thread-content-max-width) flex-1 group\/turn-messages focus-visible:outline-hidden relative flex w-full min-w-0 flex-col agent-turn\">\n<div class=\"flex max-w-full flex-col gap-4 grow\">\n<div class=\"min-h-8 text-message relative flex w-full flex-col items-end gap-2 text-start break-words whitespace-normal outline-none keyboard-focused:focus-ring [.text-message+&amp;]:mt-1\" dir=\"auto\" tabindex=\"0\" data-message-author-role=\"assistant\" data-message-id=\"6dc81962-82d1-4d16-9441-1865dcb9ea47\" data-message-model-slug=\"gpt-5-3\" data-turn-start-message=\"true\">\n<div class=\"flex w-full flex-col gap-1 empty:hidden\">\n<div class=\"markdown prose dark:prose-invert w-full wrap-break-word light markdown-new-styling\">\n<h2 style=\"text-align: center;\"><span style=\"color: #ff0000;\">1- 1490\u062f\u062c\u00a0 \u00a0 \u00a0 \u00a0 \u00a0 \u00a0 <\/span><span style=\"color: #ff0000;\">2- 2690\u062f\u062c\u00a0 \u00a0\u00a0<\/span><\/h2>\n<h2 style=\"text-align: center;\"><span style=\"color: #ff00ff;\"><strong>LUNETTE\u00a0 \u00a0CELINE\u00a0 \u00a0PARIS<\/strong><\/span><\/h2>\n<h4 class=\"isSelectedEnd\"><strong>\u00a0 \u00a0 \u00a0 \u00a0 \u00a0 \u00a0 \u00a0 \u00a0 \u00a0 \u00a0lunettes de soleil ovales pr\u00e9sentent une monture m\u00e9tallique dor\u00e9e fine et des verres teint\u00e9s en noir\u00a0 \u00a0 \u00a0 \u00a0 \u00a0 \u00a0 \u00a0 \u00a0 \u00a0 \u00a0 \u00a0 \u00a0 \u00a0 \u00a0\u00a0<\/strong><\/h4>\n<div class=\"\" data-turn-id-container=\"request-WEB:e6a15249-2a2e-48f8-a983-82f4180b70fb-0\" data-is-intersecting=\"true\">\n<div class=\"relative w-full overflow-visible\">\n<section class=\"text-token-text-primary w-full focus:outline-none [--shadow-height:45px] has-data-writing-block:pointer-events-none has-data-writing-block:-mt-(--shadow-height) has-data-writing-block:pt-(--shadow-height) [&amp;:has([data-writing-block])&gt;*]:pointer-events-auto R6Vx5W_threadScrollVars scroll-mb-[calc(var(--scroll-root-safe-area-inset-bottom,0px)+var(--thread-response-height))] scroll-mt-[calc(var(--header-height)+min(200px,max(70px,20svh)))]\" dir=\"auto\" data-turn-id=\"request-WEB:e6a15249-2a2e-48f8-a983-82f4180b70fb-0\" data-turn-id-container=\"request-WEB:e6a15249-2a2e-48f8-a983-82f4180b70fb-0\" data-testid=\"conversation-turn-2\" data-scroll-anchor=\"false\" data-turn=\"assistant\">\n<div class=\"text-base my-auto mx-auto pb-10 [--thread-content-margin:var(--thread-content-margin-xs,calc(var(--spacing)*4))] @w-sm\/main:[--thread-content-margin:var(--thread-content-margin-sm,calc(var(--spacing)*6))] @w-lg\/main:[--thread-content-margin:var(--thread-content-margin-lg,calc(var(--spacing)*16))] px-(--thread-content-margin)\">\n<div class=\"[--thread-content-max-width:40rem] @w-lg\/main:[--thread-content-max-width:48rem] mx-auto max-w-(--thread-content-max-width) flex-1 group\/turn-messages focus-visible:outline-hidden relative flex w-full min-w-0 flex-col agent-turn\">\n<div class=\"flex max-w-full flex-col gap-4 grow\">\n<div class=\"min-h-8 text-message relative flex w-full flex-col items-end gap-2 text-start break-words whitespace-normal outline-none keyboard-focused:focus-ring [.text-message+&amp;]:mt-1\" dir=\"auto\" tabindex=\"0\" data-message-author-role=\"assistant\" data-message-id=\"4931c3f4-9501-4eb6-bbfd-bd81498a129e\" data-message-model-slug=\"gpt-5-5\" data-turn-start-message=\"true\">\n<div class=\"flex w-full flex-col gap-1 empty:hidden\">\n<div class=\"markdown prose dark:prose-invert wrap-break-word w-full light markdown-new-styling\">\n<p data-start=\"0\" data-end=\"219\">\u2728 \u0641\u062e\u0627\u0645\u0629 \u062a\u064f\u0631\u0649 \u0645\u0646 \u0623\u0648\u0644 \u0646\u0638\u0631\u0629\u2026<br data-start=\"25\" data-end=\"28\" \/>\u0646\u0638\u0627\u0631\u0627\u062a <span class=\"hover:entity-accent entity-underline inline cursor-pointer align-baseline\"><span class=\"whitespace-normal\">Celine<\/span><\/span> \u0644\u064a\u0633\u062a \u0645\u062c\u0631\u062f \u0625\u0643\u0633\u0633\u0648\u0627\u0631\u060c \u0628\u0644 \u062a\u0648\u0642\u064a\u0639 \u0644\u0644\u0623\u0646\u0627\u0642\u0629 \u0627\u0644\u0647\u0627\u062f\u0626\u0629 \u0648\u0627\u0644\u062b\u0642\u0629 \u0627\u0644\u0644\u0627\u0645\u062d\u062f\u0648\u062f\u0629.<br data-start=\"135\" data-end=\"138\" \/>\u062a\u0635\u0645\u064a\u0645 \u0639\u0635\u0631\u064a \u0628\u0639\u062f\u0633\u0627\u062a \u062f\u0627\u0643\u0646\u0629 \u0648\u0644\u0645\u0633\u0627\u062a \u0630\u0647\u0628\u064a\u0629 \u062a\u0645\u0646\u062d\u0643 \u0625\u0637\u0644\u0627\u0644\u0629 \u0631\u0627\u0642\u064a\u0629 \u062a\u0646\u0627\u0633\u0628 \u0643\u0644 \u0648\u0642\u062a \u0648\u0643\u0644 \u0645\u0643\u0627\u0646. \ud83d\udda4<\/p>\n<p data-start=\"221\" data-end=\"285\" data-is-last-node=\"\" data-is-only-node=\"\">\ud83d\udd76\ufe0f \u0644\u0623\u0646 \u0627\u0644\u062a\u0641\u0627\u0635\u064a\u0644 \u062a\u0635\u0646\u0639 \u0627\u0644\u0641\u0631\u0642\u2026 \u0627\u062e\u062a\u0627\u0631\u064a \u0633\u064a\u0644\u064a\u0646\u060c \u0648\u0627\u0643\u062a\u0628\u064a \u0623\u0633\u0644\u0648\u0628\u0643\u0650 \u0627\u0644\u062e\u0627\u0635.<\/p>\n<\/div>\n<\/div>\n<\/div>\n<\/div>\n<div class=\"z-0 flex min-h-[46px] justify-start\"><\/div>\n<\/div>\n<\/div>\n<\/section>\n<div class=\"contents\"><\/div>\n<\/div>\n<\/div>\n<p data-start=\"402\" data-end=\"475\">\ud83d\udc8e \u0627\u062c\u0639\u0644\u064a \u0625\u0637\u0644\u0627\u0644\u062a\u0643 \u0645\u062e\u062a\u0644\u0641\u0629 \u0648\u062e\u0627\u0637\u0641\u0629 \u0644\u0644\u0623\u0646\u0638\u0627\u0631<br \/>\n\ud83d\udd25 \u0627\u0644\u0643\u0645\u064a\u0629 \u0645\u062d\u062f\u0648\u062f\u0629 \u2013 \u0633\u0627\u0631\u0639\u0650\u064a \u0628\u0627\u0644\u062d\u062c\u0632 \u0627\u0644\u0622\u0646!<\/p>\n<h4 data-start=\"477\" data-end=\"526\"><\/h4>\n<\/div>\n<\/div>\n<\/div>\n<\/div>\n<\/div>\n<\/div>\n<\/section>\n<\/div>\n<h4>#\u0645\u0648\u0636\u0629 #\u0623\u0646\u0627\u0642\u0629 #\u0633\u062a\u0627\u064a\u0644 #\u062a\u0631\u0646\u062f<\/h4>\n","protected":false},"excerpt":{"rendered":"<p><img fetchpriority=\"high\" decoding=\"async\" class=\"alignnone size-medium wp-image-10924\" src=\"https:\/\/ibt-shop.com\/wp-content\/uploads\/2026\/05\/5764713226934357941-169x300.jpg\" alt=\"\" width=\"169\" height=\"300\" srcset=\"https:\/\/ibt-shop.com\/wp-content\/uploads\/2026\/05\/5764713226934357941-169x300.jpg 169w, https:\/\/ibt-shop.com\/wp-content\/uploads\/2026\/05\/5764713226934357941-576x1024.jpg 576w, https:\/\/ibt-shop.com\/wp-content\/uploads\/2026\/05\/5764713226934357941-690x1227.jpg 690w, https:\/\/ibt-shop.com\/wp-content\/uploads\/2026\/05\/5764713226934357941.jpg 720w\" sizes=\"(max-width: 169px) 100vw, 169px\" \/> <img decoding=\"async\" class=\"alignnone size-medium wp-image-10923\" src=\"https:\/\/ibt-shop.com\/wp-content\/uploads\/2026\/05\/5764713226934357942-225x300.jpg\" alt=\"\" width=\"225\" height=\"300\" srcset=\"https:\/\/ibt-shop.com\/wp-content\/uploads\/2026\/05\/5764713226934357942-225x300.jpg 225w, https:\/\/ibt-shop.com\/wp-content\/uploads\/2026\/05\/5764713226934357942-690x920.jpg 690w, https:\/\/ibt-shop.com\/wp-content\/uploads\/2026\/05\/5764713226934357942.jpg 736w\" sizes=\"(max-width: 225px) 100vw, 225px\" \/> <img decoding=\"async\" class=\"alignnone size-medium wp-image-10919\" src=\"https:\/\/ibt-shop.com\/wp-content\/uploads\/2026\/05\/5764713226934357946-169x300.jpg\" alt=\"\" width=\"169\" height=\"300\" srcset=\"https:\/\/ibt-shop.com\/wp-content\/uploads\/2026\/05\/5764713226934357946-169x300.jpg 169w, https:\/\/ibt-shop.com\/wp-content\/uploads\/2026\/05\/5764713226934357946-576x1024.jpg 576w, https:\/\/ibt-shop.com\/wp-content\/uploads\/2026\/05\/5764713226934357946-690x1227.jpg 690w, https:\/\/ibt-shop.com\/wp-content\/uploads\/2026\/05\/5764713226934357946.jpg 720w\" sizes=\"(max-width: 169px) 100vw, 169px\" \/> <img loading=\"lazy\" decoding=\"async\" class=\"alignnone size-medium wp-image-10918\" src=\"https:\/\/ibt-shop.com\/wp-content\/uploads\/2026\/05\/5764713226934357947-200x300.jpg\" alt=\"\" width=\"200\" height=\"300\" srcset=\"https:\/\/ibt-shop.com\/wp-content\/uploads\/2026\/05\/5764713226934357947-200x300.jpg 200w, https:\/\/ibt-shop.com\/wp-content\/uploads\/2026\/05\/5764713226934357947-682x1024.jpg 682w, https:\/\/ibt-shop.com\/wp-content\/uploads\/2026\/05\/5764713226934357947-690x1036.jpg 690w, https:\/\/ibt-shop.com\/wp-content\/uploads\/2026\/05\/5764713226934357947.jpg 736w\" sizes=\"(max-width: 200px) 100vw, 200px\" \/> <img loading=\"lazy\" decoding=\"async\" class=\"alignnone size-medium wp-image-10927\" src=\"https:\/\/ibt-shop.com\/wp-content\/uploads\/2026\/05\/991128639804_01-225x300.avif\" alt=\"\" width=\"225\" height=\"300\" srcset=\"https:\/\/ibt-shop.com\/wp-content\/uploads\/2026\/05\/991128639804_01-225x300.avif 225w, https:\/\/ibt-shop.com\/wp-content\/uploads\/2026\/05\/991128639804_01-768x1025.avif 768w, https:\/\/ibt-shop.com\/wp-content\/uploads\/2026\/05\/991128639804_01-690x920.avif 690w, https:\/\/ibt-shop.com\/wp-content\/uploads\/2026\/05\/991128639804_01.avif 1000w\" sizes=\"(max-width: 225px) 100vw, 225px\" \/> <img loading=\"lazy\" decoding=\"async\" class=\"alignnone size-medium wp-image-10928\" src=\"https:\/\/ibt-shop.com\/wp-content\/uploads\/2026\/05\/991128639804_02-225x300.avif\" alt=\"\" width=\"225\" height=\"300\" srcset=\"https:\/\/ibt-shop.com\/wp-content\/uploads\/2026\/05\/991128639804_02-225x300.avif 225w, https:\/\/ibt-shop.com\/wp-content\/uploads\/2026\/05\/991128639804_02-690x920.avif 690w, https:\/\/ibt-shop.com\/wp-content\/uploads\/2026\/05\/991128639804_02.avif 750w\" sizes=\"(max-width: 225px) 100vw, 225px\" \/> <img loading=\"lazy\" decoding=\"async\" class=\"alignnone size-medium wp-image-10929\" src=\"https:\/\/ibt-shop.com\/wp-content\/uploads\/2026\/05\/efb143_093e852709af4572bf20069eae9d14a3mv2-300x134.png\" alt=\"\" width=\"300\" height=\"134\" srcset=\"https:\/\/ibt-shop.com\/wp-content\/uploads\/2026\/05\/efb143_093e852709af4572bf20069eae9d14a3mv2-300x134.png 300w, https:\/\/ibt-shop.com\/wp-content\/uploads\/2026\/05\/efb143_093e852709af4572bf20069eae9d14a3mv2-1024x459.png 1024w, https:\/\/ibt-shop.com\/wp-content\/uploads\/2026\/05\/efb143_093e852709af4572bf20069eae9d14a3mv2-768x344.png 768w, https:\/\/ibt-shop.com\/wp-content\/uploads\/2026\/05\/efb143_093e852709af4572bf20069eae9d14a3mv2-690x309.png 690w, https:\/\/ibt-shop.com\/wp-content\/uploads\/2026\/05\/efb143_093e852709af4572bf20069eae9d14a3mv2.png 1156w\" sizes=\"(max-width: 300px) 100vw, 300px\" \/> <img loading=\"lazy\" decoding=\"async\" class=\"alignnone size-medium wp-image-10930\" src=\"https:\/\/ibt-shop.com\/wp-content\/uploads\/2026\/05\/efb143_a25a85f8cc744dde96bb872806159f0dmv2-300x109.png\" alt=\"\" width=\"300\" height=\"109\" srcset=\"https:\/\/ibt-shop.com\/wp-content\/uploads\/2026\/05\/efb143_a25a85f8cc744dde96bb872806159f0dmv2-300x109.png 300w, https:\/\/ibt-shop.com\/wp-content\/uploads\/2026\/05\/efb143_a25a85f8cc744dde96bb872806159f0dmv2-1024x372.png 1024w, https:\/\/ibt-shop.com\/wp-content\/uploads\/2026\/05\/efb143_a25a85f8cc744dde96bb872806159f0dmv2-768x279.png 768w, https:\/\/ibt-shop.com\/wp-content\/uploads\/2026\/05\/efb143_a25a85f8cc744dde96bb872806159f0dmv2-690x251.png 690w, https:\/\/ibt-shop.com\/wp-content\/uploads\/2026\/05\/efb143_a25a85f8cc744dde96bb872806159f0dmv2.png 1250w\" sizes=\"(max-width: 300px) 100vw, 300px\" \/> <img loading=\"lazy\" decoding=\"async\" class=\"alignnone size-medium wp-image-10931\" src=\"https:\/\/ibt-shop.com\/wp-content\/uploads\/2026\/05\/efb143_f9df11863c77485b9f2e4f30d30a4a46mv2-300x143.png\" alt=\"\" width=\"300\" height=\"143\" srcset=\"https:\/\/ibt-shop.com\/wp-content\/uploads\/2026\/05\/efb143_f9df11863c77485b9f2e4f30d30a4a46mv2-300x143.png 300w, https:\/\/ibt-shop.com\/wp-content\/uploads\/2026\/05\/efb143_f9df11863c77485b9f2e4f30d30a4a46mv2-768x367.png 768w, https:\/\/ibt-shop.com\/wp-content\/uploads\/2026\/05\/efb143_f9df11863c77485b9f2e4f30d30a4a46mv2-690x330.png 690w, https:\/\/ibt-shop.com\/wp-content\/uploads\/2026\/05\/efb143_f9df11863c77485b9f2e4f30d30a4a46mv2.png 996w\" sizes=\"(max-width: 300px) 100vw, 300px\" \/><\/p>\n","protected":false},"featured_media":10921,"comment_status":"open","ping_status":"closed","template":"","meta":[],"product_brand":[],"product_cat":[34,33],"product_tag":[],"class_list":{"0":"post-10914","1":"product","2":"type-product","3":"status-publish","4":"has-post-thumbnail","6":"product_cat-femme","7":"product_cat-femme-et-lux","9":"first","10":"instock","11":"sale","12":"shipping-taxable","13":"purchasable","14":"product-type-simple"},"_links":{"self":[{"href":"https:\/\/ibt-shop.com\/index.php\/wp-json\/wp\/v2\/product\/10914","targetHints":{"allow":["GET"]}}],"collection":[{"href":"https:\/\/ibt-shop.com\/index.php\/wp-json\/wp\/v2\/product"}],"about":[{"href":"https:\/\/ibt-shop.com\/index.php\/wp-json\/wp\/v2\/types\/product"}],"replies":[{"embeddable":true,"href":"https:\/\/ibt-shop.com\/index.php\/wp-json\/wp\/v2\/comments?post=10914"}],"wp:featuredmedia":[{"embeddable":true,"href":"https:\/\/ibt-shop.com\/index.php\/wp-json\/wp\/v2\/media\/10921"}],"wp:attachment":[{"href":"https:\/\/ibt-shop.com\/index.php\/wp-json\/wp\/v2\/media?parent=10914"}],"wp:term":[{"taxonomy":"product_brand","embeddable":true,"href":"https:\/\/ibt-shop.com\/index.php\/wp-json\/wp\/v2\/product_brand?post=10914"},{"taxonomy":"product_cat","embeddable":true,"href":"https:\/\/ibt-shop.com\/index.php\/wp-json\/wp\/v2\/product_cat?post=10914"},{"taxonomy":"product_tag","embeddable":true,"href":"https:\/\/ibt-shop.com\/index.php\/wp-json\/wp\/v2\/product_tag?post=10914"}],"curies":[{"name":"wp","href":"https:\/\/api.w.org\/{rel}","templated":true}]}}