{"id":10382,"date":"2026-05-01T22:31:59","date_gmt":"2026-05-01T22:31:59","guid":{"rendered":"https:\/\/ibt-shop.com\/?post_type=product&#038;p=10382"},"modified":"2026-05-02T11:02:22","modified_gmt":"2026-05-02T11:02:22","slug":"ensemble-de-4-colliers-bagues-et-boucles-doreilles","status":"publish","type":"product","link":"https:\/\/ibt-shop.com\/index.php\/product\/ensemble-de-4-colliers-bagues-et-boucles-doreilles\/","title":{"rendered":"Ensemble de 4 colliers, bagues et boucles d\u2019oreilles en fausses perles de style fran\u00e7ais \u00e9l\u00e9gant et l\u00e9ger"},"content":{"rendered":"<div id=\":pn\" class=\"ii gt\">\n<div id=\":sd\" class=\"a3s aiL\">\n<div id=\"avWBGd-261\" style=\"text-align: center;\">\n<div class=\"adL\" style=\"text-align: right;\">\n<div class=\"entry-content-column-split\">\n<div class=\"entry-content-intro\">\n<h2 style=\"text-align: center;\">\u00a0\u062f\u064a\u0631 \u0637\u0644\u0628\u064a\u0629 \u062f\u064a\u0627\u0644\u0643 \u0646\u062a\u0635\u0644\u0648 \u0628\u064a\u0643 \u0646\u0623\u0643\u062f\u0648 \u0645\u0639\u0627\u0643<\/h2>\n<h2 style=\"text-align: center;\"><span style=\"color: #ff0000;\">\u062a\u062f\u064a 2 \u0628\u0640\u0640 2380\u062f\u062c<\/span><\/h2>\n<h1 class=\"tw-data-text tw-text-large tw-ta\" dir=\"rtl\" style=\"text-align: center;\" tabindex=\"-1\" role=\"text\" data-placeholder=\"Traduction\" data-ved=\"2ahUKEwiQwK2C5ISUAxUDQ6QEHaH5KKwQ3ewLegQIDBAV\" aria-label=\"Texte traduit\u00a0: \u0627\u0644\u0648\u0635\u0641 \u062c\u062f\u064a\u062f \u062a\u0645\u0627\u0645\u064b\u0627 \u0642\u0644\u0627\u062f\u0629 \u0644\u0624\u0644\u0624 \u0631\u0642\u064a\u0642\u0629 \u0644\u0644\u063a\u0627\u064a\u0629\"><span class=\"Y2IQFc\" lang=\"ar\">\u0637\u0642\u0645 \u0645\u0646 \u0623\u0631\u0628\u0639 \u0642\u0637\u0639 \u0627\u0644\u0637\u0631\u0627\u0632 \u0627\u0644\u0641\u0631\u0646\u0633\u064a<\/span><\/h1>\n<p><span class=\"Y2IQFc\" lang=\"ar\">\u0637\u0642\u0645 \u0645\u0646 \u0623\u0631\u0628\u0639 \u0642\u0637\u0639: \u0642\u0644\u0627\u0626\u062f \u0648\u062e\u0648\u0627\u062a\u0645 \u0648\u0623\u0642\u0631\u0627\u0637\u060c \u0645\u0635\u0646\u0648\u0639\u0629 \u0645\u0646 \u0644\u0622\u0644\u0626 \u0635\u0646\u0627\u0639\u064a\u0629 \u0623\u0646\u064a\u0642\u0629 \u0648\u062e\u0641\u064a\u0641\u0629 \u0627\u0644\u0648\u0632\u0646 \u0639\u0644\u0649 \u0627\u0644\u0637\u0631\u0627\u0632 \u0627\u0644\u0641\u0631\u0646\u0633\u064a<br \/>\n\u0645\u062b\u0627\u0644\u064a\u0629 \u0644\u0644\u0627\u0631\u062a\u062f\u0627\u0621 \u0627\u0644\u064a\u0648\u0645\u064a \u0623\u0648 \u0643\u0647\u062f\u064a\u0629 \u0641\u064a \u0639\u064a\u062f \u0627\u0644\u062d\u0628<\/span><\/p>\n<div class=\"adL\">\n<div class=\"entry-content-column-split\">\n<div class=\"entry-content-intro\" style=\"text-align: center;\">\u0637\u0642\u0645 \u0645\u062c\u0648\u0647\u0631\u0627\u062a \u0623\u0646\u064a\u0642 \u0628\u0644\u0648\u0646 \u0630\u0647\u0628\u064a \u064a\u062a\u0643\u0648\u0651\u0646 \u0645\u0646 \u0639\u0642\u062f\u060c \u062e\u0627\u062a\u0645\u060c \u0648\u0623\u0642\u0631\u0627\u0637.<\/div>\n<div class=\"entry-content-intro\">\u064a\u062a\u0645\u064a\u0651\u0632 \u0627\u0644\u062a\u0635\u0645\u064a\u0645 \u0628\u0648\u062c\u0648\u062f \u0644\u0624\u0644\u0624\u0629 \u0628\u064a\u0636\u0627\u0621 \u0644\u0627\u0645\u0639\u0629 \u0641\u064a \u0648\u0633\u0637 \u0643\u0644 \u0642\u0637\u0639\u0629\u060c \u0645\u062d\u0627\u0637\u0629 \u0628\u0625\u0637\u0627\u0631 \u062f\u0627\u0626\u0631\u064a \u0645\u0631\u0635\u0651\u0639 \u0628\u0623\u062d\u062c\u0627\u0631 \u0635\u063a\u064a\u0631\u0629 \u0644\u0627\u0645\u0639\u0629 \u062a\u0636\u064a\u0641 \u0644\u0645\u0633\u0629 \u0641\u0627\u062e\u0631\u0629 \u0648\u0628\u0631\u0627\u0642\u0629<\/p>\n<div class=\"container\">\n<div class=\"row justify-content-center\">\n<div class=\"col-12\">\n<div id=\"product-10382\" class=\"product type-product post-10382 status-publish first instock product_cat-femme product_cat-femme-et-lux has-post-thumbnail sale shipping-taxable purchasable product-type-simple\">\n<div class=\"row\">\n<div class=\"col-lg-7 col-12 product-desc\">\n<div class=\"theiaStickySidebar\">\n<div class=\"entry-product-description\">\n<div id=\":pn\" class=\"ii gt\">\n<div id=\":sd\" class=\"a3s aiL\">\n<div id=\"avWBGd-261\">\n<div class=\"adL\">\n<div class=\"entry-content-column-split\">\n<div class=\"entry-content-intro\" style=\"text-align: center;\">\u0627\u0644\u0633\u0644\u0633\u0644\u0629 \u0631\u0641\u064a\u0639\u0629 \u0648\u0628\u0633\u064a\u0637\u0629\u060c \u0645\u0627 \u064a\u062c\u0639\u0644 \u0627\u0644\u0642\u0644\u0627\u062f\u0629 \u0628\u0627\u0631\u0632\u0629 \u0628\u0634\u0643\u0644 \u062c\u0645\u064a\u0644. \u0627\u0644\u062e\u0627\u062a\u0645 \u0645\u0641\u062a\u0648\u062d \u0627\u0644\u062a\u0635\u0645\u064a\u0645\u060c \u0648\u0627\u0644\u0623\u0642\u0631\u0627\u0637 \u0645\u062a\u0646\u0627\u0633\u0642\u0629 \u0645\u0639 \u0628\u0642\u064a\u0629 \u0627\u0644\u0642\u0637\u0639\u060c \u0645\u0645\u0627 \u064a\u062c\u0639\u0644 \u0627\u0644\u0637\u0642\u0645 \u0645\u062b\u0627\u0644\u064a\u064b\u0627 \u0644\u0644\u0645\u0646\u0627\u0633\u0628\u0627\u062a \u0627\u0644\u062e\u0627\u0635\u0629 \u0623\u0648 \u0627\u0644\u0625\u0637\u0644\u0627\u0644\u0627\u062a \u0627\u0644\u0631\u0627\u0642\u064a\u0629<\/div>\n<div style=\"text-align: center;\"><\/div>\n<\/div>\n<\/div>\n<\/div>\n<\/div>\n<\/div>\n<\/div>\n<\/div>\n<\/div>\n<\/div>\n<\/div>\n<\/div>\n<\/div>\n<\/div>\n<div class=\"woocommerce-tabs-container\">\n<div class=\"container\">\n<div class=\"row\">\n<div class=\"col-12\">\n<div class=\"woocommerce-tabs wc-tabs-wrapper\"><\/div>\n<\/div>\n<\/div>\n<\/div>\n<\/div>\n<\/div>\n<\/div>\n<\/div>\n<\/div>\n<\/div>\n<\/div>\n<\/div>\n<\/div>\n<\/div>\n","protected":false},"excerpt":{"rendered":"<p><img fetchpriority=\"high\" decoding=\"async\" class=\"alignnone size-medium wp-image-10390\" src=\"https:\/\/ibt-shop.com\/wp-content\/uploads\/2026\/05\/8177uvuMyHL._AC_SX569_-300x300.jpg\" alt=\"\" width=\"300\" height=\"300\" srcset=\"https:\/\/ibt-shop.com\/wp-content\/uploads\/2026\/05\/8177uvuMyHL._AC_SX569_-300x300.jpg 300w, https:\/\/ibt-shop.com\/wp-content\/uploads\/2026\/05\/8177uvuMyHL._AC_SX569_-150x150.jpg 150w, https:\/\/ibt-shop.com\/wp-content\/uploads\/2026\/05\/8177uvuMyHL._AC_SX569_-520x520.jpg 520w, https:\/\/ibt-shop.com\/wp-content\/uploads\/2026\/05\/8177uvuMyHL._AC_SX569_-90x90.jpg 90w, https:\/\/ibt-shop.com\/wp-content\/uploads\/2026\/05\/8177uvuMyHL._AC_SX569_-100x100.jpg 100w, https:\/\/ibt-shop.com\/wp-content\/uploads\/2026\/05\/8177uvuMyHL._AC_SX569_-160x160.jpg 160w, https:\/\/ibt-shop.com\/wp-content\/uploads\/2026\/05\/8177uvuMyHL._AC_SX569_.jpg 569w\" sizes=\"(max-width: 300px) 100vw, 300px\" \/> <img decoding=\"async\" class=\"alignnone size-medium wp-image-10396\" src=\"https:\/\/ibt-shop.com\/wp-content\/uploads\/2026\/05\/il_794xN.7052391137_1b38-300x300.avif\" alt=\"\" width=\"300\" height=\"300\" srcset=\"https:\/\/ibt-shop.com\/wp-content\/uploads\/2026\/05\/il_794xN.7052391137_1b38-300x300.avif 300w, https:\/\/ibt-shop.com\/wp-content\/uploads\/2026\/05\/il_794xN.7052391137_1b38-150x150.avif 150w, https:\/\/ibt-shop.com\/wp-content\/uploads\/2026\/05\/il_794xN.7052391137_1b38-768x768.avif 768w, https:\/\/ibt-shop.com\/wp-content\/uploads\/2026\/05\/il_794xN.7052391137_1b38-520x520.avif 520w, https:\/\/ibt-shop.com\/wp-content\/uploads\/2026\/05\/il_794xN.7052391137_1b38-90x90.avif 90w, https:\/\/ibt-shop.com\/wp-content\/uploads\/2026\/05\/il_794xN.7052391137_1b38-100x100.avif 100w, https:\/\/ibt-shop.com\/wp-content\/uploads\/2026\/05\/il_794xN.7052391137_1b38-630x630.avif 630w, https:\/\/ibt-shop.com\/wp-content\/uploads\/2026\/05\/il_794xN.7052391137_1b38-690x690.avif 690w, https:\/\/ibt-shop.com\/wp-content\/uploads\/2026\/05\/il_794xN.7052391137_1b38-160x160.avif 160w, https:\/\/ibt-shop.com\/wp-content\/uploads\/2026\/05\/il_794xN.7052391137_1b38.avif 794w\" sizes=\"(max-width: 300px) 100vw, 300px\" \/> <img decoding=\"async\" class=\"alignnone size-medium wp-image-10395\" src=\"https:\/\/ibt-shop.com\/wp-content\/uploads\/2026\/05\/il_794xN.7052391107_11wg-300x300.avif\" alt=\"\" width=\"300\" height=\"300\" srcset=\"https:\/\/ibt-shop.com\/wp-content\/uploads\/2026\/05\/il_794xN.7052391107_11wg-300x300.avif 300w, https:\/\/ibt-shop.com\/wp-content\/uploads\/2026\/05\/il_794xN.7052391107_11wg-150x150.avif 150w, https:\/\/ibt-shop.com\/wp-content\/uploads\/2026\/05\/il_794xN.7052391107_11wg-768x768.avif 768w, https:\/\/ibt-shop.com\/wp-content\/uploads\/2026\/05\/il_794xN.7052391107_11wg-520x520.avif 520w, https:\/\/ibt-shop.com\/wp-content\/uploads\/2026\/05\/il_794xN.7052391107_11wg-90x90.avif 90w, https:\/\/ibt-shop.com\/wp-content\/uploads\/2026\/05\/il_794xN.7052391107_11wg-100x100.avif 100w, https:\/\/ibt-shop.com\/wp-content\/uploads\/2026\/05\/il_794xN.7052391107_11wg-630x630.avif 630w, https:\/\/ibt-shop.com\/wp-content\/uploads\/2026\/05\/il_794xN.7052391107_11wg-690x690.avif 690w, https:\/\/ibt-shop.com\/wp-content\/uploads\/2026\/05\/il_794xN.7052391107_11wg-160x160.avif 160w, https:\/\/ibt-shop.com\/wp-content\/uploads\/2026\/05\/il_794xN.7052391107_11wg.avif 794w\" sizes=\"(max-width: 300px) 100vw, 300px\" \/> <img loading=\"lazy\" decoding=\"async\" class=\"alignnone size-medium wp-image-10392\" src=\"https:\/\/ibt-shop.com\/wp-content\/uploads\/2026\/05\/6028565669361683560-300x288.jpg\" alt=\"\" width=\"300\" height=\"288\" srcset=\"https:\/\/ibt-shop.com\/wp-content\/uploads\/2026\/05\/6028565669361683560-300x288.jpg 300w, https:\/\/ibt-shop.com\/wp-content\/uploads\/2026\/05\/6028565669361683560-1024x985.jpg 1024w, https:\/\/ibt-shop.com\/wp-content\/uploads\/2026\/05\/6028565669361683560-768x738.jpg 768w, https:\/\/ibt-shop.com\/wp-content\/uploads\/2026\/05\/6028565669361683560-690x663.jpg 690w, https:\/\/ibt-shop.com\/wp-content\/uploads\/2026\/05\/6028565669361683560.jpg 1170w\" sizes=\"(max-width: 300px) 100vw, 300px\" \/> <img loading=\"lazy\" decoding=\"async\" class=\"alignnone size-medium wp-image-10391\" src=\"https:\/\/ibt-shop.com\/wp-content\/uploads\/2026\/05\/6028565669361683559-278x300.jpg\" alt=\"\" width=\"278\" height=\"300\" srcset=\"https:\/\/ibt-shop.com\/wp-content\/uploads\/2026\/05\/6028565669361683559-278x300.jpg 278w, https:\/\/ibt-shop.com\/wp-content\/uploads\/2026\/05\/6028565669361683559-948x1024.jpg 948w, https:\/\/ibt-shop.com\/wp-content\/uploads\/2026\/05\/6028565669361683559-768x830.jpg 768w, https:\/\/ibt-shop.com\/wp-content\/uploads\/2026\/05\/6028565669361683559-690x745.jpg 690w, https:\/\/ibt-shop.com\/wp-content\/uploads\/2026\/05\/6028565669361683559.jpg 1170w\" sizes=\"(max-width: 278px) 100vw, 278px\" \/> <img loading=\"lazy\" decoding=\"async\" class=\"alignnone size-medium wp-image-10393\" src=\"https:\/\/ibt-shop.com\/wp-content\/uploads\/2026\/05\/6028565669361683561-300x300.jpg\" alt=\"\" width=\"300\" height=\"300\" srcset=\"https:\/\/ibt-shop.com\/wp-content\/uploads\/2026\/05\/6028565669361683561-300x300.jpg 300w, https:\/\/ibt-shop.com\/wp-content\/uploads\/2026\/05\/6028565669361683561-1022x1024.jpg 1022w, https:\/\/ibt-shop.com\/wp-content\/uploads\/2026\/05\/6028565669361683561-150x150.jpg 150w, https:\/\/ibt-shop.com\/wp-content\/uploads\/2026\/05\/6028565669361683561-768x769.jpg 768w, https:\/\/ibt-shop.com\/wp-content\/uploads\/2026\/05\/6028565669361683561-520x520.jpg 520w, https:\/\/ibt-shop.com\/wp-content\/uploads\/2026\/05\/6028565669361683561-90x90.jpg 90w, https:\/\/ibt-shop.com\/wp-content\/uploads\/2026\/05\/6028565669361683561-100x100.jpg 100w, https:\/\/ibt-shop.com\/wp-content\/uploads\/2026\/05\/6028565669361683561-630x630.jpg 630w, https:\/\/ibt-shop.com\/wp-content\/uploads\/2026\/05\/6028565669361683561-690x691.jpg 690w, https:\/\/ibt-shop.com\/wp-content\/uploads\/2026\/05\/6028565669361683561-160x160.jpg 160w, https:\/\/ibt-shop.com\/wp-content\/uploads\/2026\/05\/6028565669361683561.jpg 1170w\" sizes=\"(max-width: 300px) 100vw, 300px\" \/> <img loading=\"lazy\" decoding=\"async\" class=\"alignnone size-medium wp-image-10389\" src=\"https:\/\/ibt-shop.com\/wp-content\/uploads\/2026\/05\/811AmKnH98L._AC_SX569_-1-300x300.jpg\" alt=\"\" width=\"300\" height=\"300\" srcset=\"https:\/\/ibt-shop.com\/wp-content\/uploads\/2026\/05\/811AmKnH98L._AC_SX569_-1-300x300.jpg 300w, https:\/\/ibt-shop.com\/wp-content\/uploads\/2026\/05\/811AmKnH98L._AC_SX569_-1-150x150.jpg 150w, https:\/\/ibt-shop.com\/wp-content\/uploads\/2026\/05\/811AmKnH98L._AC_SX569_-1-520x520.jpg 520w, https:\/\/ibt-shop.com\/wp-content\/uploads\/2026\/05\/811AmKnH98L._AC_SX569_-1-90x90.jpg 90w, https:\/\/ibt-shop.com\/wp-content\/uploads\/2026\/05\/811AmKnH98L._AC_SX569_-1-100x100.jpg 100w, https:\/\/ibt-shop.com\/wp-content\/uploads\/2026\/05\/811AmKnH98L._AC_SX569_-1-160x160.jpg 160w, https:\/\/ibt-shop.com\/wp-content\/uploads\/2026\/05\/811AmKnH98L._AC_SX569_-1.jpg 569w\" sizes=\"(max-width: 300px) 100vw, 300px\" \/> <img loading=\"lazy\" decoding=\"async\" class=\"alignnone size-medium wp-image-10386\" src=\"https:\/\/ibt-shop.com\/wp-content\/uploads\/2026\/05\/81aXIZpyGnL._AC_SX569_-300x300.jpg\" alt=\"\" width=\"300\" height=\"300\" srcset=\"https:\/\/ibt-shop.com\/wp-content\/uploads\/2026\/05\/81aXIZpyGnL._AC_SX569_-300x300.jpg 300w, https:\/\/ibt-shop.com\/wp-content\/uploads\/2026\/05\/81aXIZpyGnL._AC_SX569_-150x150.jpg 150w, https:\/\/ibt-shop.com\/wp-content\/uploads\/2026\/05\/81aXIZpyGnL._AC_SX569_-520x520.jpg 520w, https:\/\/ibt-shop.com\/wp-content\/uploads\/2026\/05\/81aXIZpyGnL._AC_SX569_-90x90.jpg 90w, https:\/\/ibt-shop.com\/wp-content\/uploads\/2026\/05\/81aXIZpyGnL._AC_SX569_-100x100.jpg 100w, https:\/\/ibt-shop.com\/wp-content\/uploads\/2026\/05\/81aXIZpyGnL._AC_SX569_-160x160.jpg 160w, https:\/\/ibt-shop.com\/wp-content\/uploads\/2026\/05\/81aXIZpyGnL._AC_SX569_.jpg 569w\" sizes=\"(max-width: 300px) 100vw, 300px\" \/><\/p>\n","protected":false},"featured_media":10394,"comment_status":"open","ping_status":"closed","template":"","meta":[],"product_brand":[],"product_cat":[34,33],"product_tag":[],"class_list":{"0":"post-10382","1":"product","2":"type-product","3":"status-publish","4":"has-post-thumbnail","6":"product_cat-femme","7":"product_cat-femme-et-lux","9":"first","10":"instock","11":"sale","12":"shipping-taxable","13":"purchasable","14":"product-type-simple"},"_links":{"self":[{"href":"https:\/\/ibt-shop.com\/index.php\/wp-json\/wp\/v2\/product\/10382","targetHints":{"allow":["GET"]}}],"collection":[{"href":"https:\/\/ibt-shop.com\/index.php\/wp-json\/wp\/v2\/product"}],"about":[{"href":"https:\/\/ibt-shop.com\/index.php\/wp-json\/wp\/v2\/types\/product"}],"replies":[{"embeddable":true,"href":"https:\/\/ibt-shop.com\/index.php\/wp-json\/wp\/v2\/comments?post=10382"}],"wp:featuredmedia":[{"embeddable":true,"href":"https:\/\/ibt-shop.com\/index.php\/wp-json\/wp\/v2\/media\/10394"}],"wp:attachment":[{"href":"https:\/\/ibt-shop.com\/index.php\/wp-json\/wp\/v2\/media?parent=10382"}],"wp:term":[{"taxonomy":"product_brand","embeddable":true,"href":"https:\/\/ibt-shop.com\/index.php\/wp-json\/wp\/v2\/product_brand?post=10382"},{"taxonomy":"product_cat","embeddable":true,"href":"https:\/\/ibt-shop.com\/index.php\/wp-json\/wp\/v2\/product_cat?post=10382"},{"taxonomy":"product_tag","embeddable":true,"href":"https:\/\/ibt-shop.com\/index.php\/wp-json\/wp\/v2\/product_tag?post=10382"}],"curies":[{"name":"wp","href":"https:\/\/api.w.org\/{rel}","templated":true}]}}